{"id":2118,"date":"2024-03-20T05:11:08","date_gmt":"2024-03-20T05:11:08","guid":{"rendered":"https:\/\/welleshaft.com\/?post_type=product&#038;p=2118"},"modified":"2026-04-13T03:18:58","modified_gmt":"2026-04-13T03:18:58","slug":"microusinagem-por-laser-de-femtossegundo","status":"publish","type":"product","link":"https:\/\/welleshaft.com\/pt_pt\/fabricante\/microusinagem-por-laser-de-femtossegundo\/","title":{"rendered":"Microperfura\u00e7\u00e3o com fibra \u00f3tica"},"content":{"rendered":"<h2>Servi\u00e7os de perfura\u00e7\u00e3o a laser com fibras \u00f3pticas: uma vis\u00e3o geral<\/h2>\n<h2>O que \u00e9 o laser de fibras \u00f3pticas para perfura\u00e7\u00e3o de microfuros?<\/h2>\n<p>A perfura\u00e7\u00e3o de microfuros a laser de fibras \u00f3pticas \u00e9 uma t\u00e9cnica especializada que envolve a perfura\u00e7\u00e3o precisa de microfuros em materiais de fibra \u00f3tica utilizando tecnologia laser avan\u00e7ada. Permite a cria\u00e7\u00e3o de estruturas complexas e carater\u00edsticas essenciais para uma vasta gama de aplica\u00e7\u00f5es em sectores como as telecomunica\u00e7\u00f5es, a fibra \u00f3tica e os sensores \u00f3pticos.<\/p>\n<h2>Como funciona o processamento dos lasers de fibra \u00f3tica e da tecnologia laser de femtosegundo?<\/h2>\n<p>Tirando partido do poder dos lasers de fibra \u00f3tica e da tecnologia laser de femtosegundo, o nosso processo de microperfura\u00e7\u00e3o a laser atinge uma precis\u00e3o e um controlo sem paralelo. Desde fibras \u00f3pticas microperfuradas a fibras de s\u00edlica de forma livre perfuradas a laser, as nossas capacidades estendem-se \u00e0 perfura\u00e7\u00e3o de microfuros em qualquer material com uma precis\u00e3o e reprodutibilidade excepcionais.<\/p>\n<h2>Quais s\u00e3o os materiais da microperfura\u00e7\u00e3o a laser?<\/h2>\n<p>A nossa experi\u00eancia em microperfura\u00e7\u00e3o a laser abrange uma variedade de materiais, incluindo comp\u00f3sitos de pol\u00edmeros refor\u00e7ados com fibra de vidro, fibras \u00f3pticas de pol\u00edmeros microestruturados e fibras \u00f3pticas microestruturadas. Quer se trate de perfurar microfuros em fibras \u00f3pticas tradicionais ou de ultrapassar os limites com materiais inovadores, fornecemos resultados que excedem as expectativas.<\/p>\n<h3>Quais s\u00e3o as aplica\u00e7\u00f5es da microperfura\u00e7\u00e3o a laser?<\/h3>\n<p>As aplica\u00e7\u00f5es da microperfura\u00e7\u00e3o a laser em fibras \u00f3pticas s\u00e3o vastas e diversificadas. Desde melhorar o desempenho dos sistemas de comunica\u00e7\u00e3o por fibra \u00f3tica at\u00e9 permitir o desenvolvimento de sensores avan\u00e7ados baseados em fibra \u00f3tica, as nossas fibras perfuradas com precis\u00e3o abrem caminho para avan\u00e7os em v\u00e1rias ind\u00fastrias. Quer se trate da cria\u00e7\u00e3o de fibras \u00f3pticas microestruturadas para imagiologia biom\u00e9dica ou da otimiza\u00e7\u00e3o de fibras \u00f3pticas para transmiss\u00e3o de dados, as possibilidades s\u00e3o infinitas.<\/p>\n<h3>O que s\u00e3o as ind\u00fastrias de componentes de fibras \u00f3pticas?<\/h3>\n<p>\u00c0 medida que a procura de fibras \u00f3pticas de elevado desempenho continua a aumentar, o futuro da microperfura\u00e7\u00e3o a laser \u00e9 mais brilhante do que nunca. Desde a perfura\u00e7\u00e3o de microfuros at\u00e9 a perfura\u00e7\u00e3o de microfuros a laser de femtossegundo, a busca por estruturas menores e mais complexas impulsiona a inova\u00e7\u00e3o e impulsiona o setor. Com a nossa experi\u00eancia e compromisso com a excel\u00eancia, a Welle est\u00e1 preparada para liderar o processo de forma\u00e7\u00e3o do futuro da microperfura\u00e7\u00e3o a laser de fibras \u00f3pticas.<\/p>\n<p>Junte-se a n\u00f3s na viagem em dire\u00e7\u00e3o \u00e0 perfei\u00e7\u00e3o da precis\u00e3o. Juntos, vamos desbloquear todo o potencial da Microperfura\u00e7\u00e3o a Laser de Fibras \u00d3pticas e abrir caminho para um futuro iluminado pela inova\u00e7\u00e3o e excel\u00eancia.<\/p>\n<div class=\"video video-fit mb\" style=\"padding-top:56.25%;\"><p><iframe loading=\"lazy\" title=\"A microusinagem a laser permite obter pe\u00e7as pequenas e de alta precis\u00e3o\" width=\"1020\" height=\"765\" src=\"https:\/\/www.youtube.com\/embed\/kg4UFb2O2AM?list=PL1tsj5fWvaVd8npSMrMeyykZKNpInru9j\" frameborder=\"0\" allow=\"accelerometer; autoplay; clipboard-write; encrypted-media; gyroscope; picture-in-picture; web-share\" referrerpolicy=\"strict-origin-when-cross-origin\" allowfullscreen><\/iframe><\/p>\n<\/div>","protected":false},"excerpt":{"rendered":"<p>Optical fibers laser drilling services:An Overview What is the Optical Fibers Laser Drilling Micro holes? Optical Fibers Laser Drilling Micro holes is a specialized technique that involves the precise drilling of micro-sized holes in optical fiber materials using advanced laser technology. It enables the creation of intricate structures and features essential for a wide range [&#8230;]\n","protected":false},"featured_media":1617,"comment_status":"open","ping_status":"closed","template":"","meta":[],"product_brand":[],"product_cat":[41],"class_list":{"0":"post-2118","1":"product","2":"type-product","3":"status-publish","4":"has-post-thumbnail","6":"product_cat-micromachining-and-laser-micromachining-factory-in-china","8":"first","9":"instock","10":"shipping-taxable","11":"product-type-simple"},"yoast_head":"<!-- This site is optimized with the Yoast SEO plugin v27.2 - https:\/\/yoast.com\/product\/yoast-seo-wordpress\/ -->\n<title>Optical Fiber Micro Drilling - WELLE SHAFT<\/title>\n<meta name=\"description\" content=\"Optical fibers laser drilling services. We use a femtosecond laser, which shows many advantages over conventional laser processing, enabling precise process\" \/>\n<meta name=\"robots\" content=\"index, follow, max-snippet:-1, max-image-preview:large, max-video-preview:-1\" \/>\n<link rel=\"canonical\" href=\"https:\/\/welleshaft.com\/pt_pt\/fabricante\/microusinagem-por-laser-de-femtossegundo\/\" \/>\n<meta property=\"og:locale\" content=\"pt_PT\" \/>\n<meta property=\"og:type\" content=\"article\" \/>\n<meta property=\"og:title\" content=\"Optical Fiber Micro Drilling - WELLE SHAFT\" \/>\n<meta property=\"og:description\" content=\"Optical fibers laser drilling services. We use a femtosecond laser, which shows many advantages over conventional laser processing, enabling precise process\" \/>\n<meta property=\"og:url\" content=\"https:\/\/welleshaft.com\/pt_pt\/fabricante\/microusinagem-por-laser-de-femtossegundo\/\" \/>\n<meta property=\"og:site_name\" content=\"WELLE SHAFT\" \/>\n<meta property=\"article:modified_time\" content=\"2026-04-13T03:18:58+00:00\" \/>\n<meta property=\"og:image\" content=\"https:\/\/welleshaft.com\/wp-content\/uploads\/2024\/02\/Optical-Fiber-Laser-Cutting-Welle.webp\" \/>\n\t<meta property=\"og:image:width\" content=\"720\" \/>\n\t<meta property=\"og:image:height\" content=\"825\" \/>\n\t<meta property=\"og:image:type\" content=\"image\/webp\" \/>\n<meta name=\"twitter:card\" content=\"summary_large_image\" \/>\n<meta name=\"twitter:label1\" content=\"Tempo estimado de leitura\" \/>\n\t<meta name=\"twitter:data1\" content=\"2 minutos\" \/>\n<script type=\"application\/ld+json\" class=\"yoast-schema-graph\">{\"@context\":\"https:\/\/schema.org\",\"@graph\":[{\"@type\":\"WebPage\",\"@id\":\"https:\/\/welleshaft.com\/vi\/manufacturer\/femtosecond-laser-micromachining\/\",\"url\":\"https:\/\/welleshaft.com\/vi\/manufacturer\/femtosecond-laser-micromachining\/\",\"name\":\"Optical Fiber Micro Drilling - WELLE SHAFT\",\"isPartOf\":{\"@id\":\"https:\/\/welleshaft.com\/ja\/#website\"},\"primaryImageOfPage\":{\"@id\":\"https:\/\/welleshaft.com\/vi\/manufacturer\/femtosecond-laser-micromachining\/#primaryimage\"},\"image\":{\"@id\":\"https:\/\/welleshaft.com\/vi\/manufacturer\/femtosecond-laser-micromachining\/#primaryimage\"},\"thumbnailUrl\":\"https:\/\/welleshaft.com\/wp-content\/uploads\/2024\/02\/Optical-Fiber-Laser-Cutting-Welle.webp\",\"datePublished\":\"2024-03-20T05:11:08+00:00\",\"dateModified\":\"2026-04-13T03:18:58+00:00\",\"description\":\"Optical fibers laser drilling services. We use a femtosecond laser, which shows many advantages over conventional laser processing, enabling precise process\",\"breadcrumb\":{\"@id\":\"https:\/\/welleshaft.com\/vi\/manufacturer\/femtosecond-laser-micromachining\/#breadcrumb\"},\"inLanguage\":\"pt-PT\",\"potentialAction\":[{\"@type\":\"ReadAction\",\"target\":[\"https:\/\/welleshaft.com\/vi\/manufacturer\/femtosecond-laser-micromachining\/\"]}]},{\"@type\":\"ImageObject\",\"inLanguage\":\"pt-PT\",\"@id\":\"https:\/\/welleshaft.com\/vi\/manufacturer\/femtosecond-laser-micromachining\/#primaryimage\",\"url\":\"https:\/\/welleshaft.com\/wp-content\/uploads\/2024\/02\/Optical-Fiber-Laser-Cutting-Welle.webp\",\"contentUrl\":\"https:\/\/welleshaft.com\/wp-content\/uploads\/2024\/02\/Optical-Fiber-Laser-Cutting-Welle.webp\",\"width\":720,\"height\":825,\"caption\":\"Optical-Fiber-Laser-Cutting-Welle\"},{\"@type\":\"BreadcrumbList\",\"@id\":\"https:\/\/welleshaft.com\/vi\/manufacturer\/femtosecond-laser-micromachining\/#breadcrumb\",\"itemListElement\":[{\"@type\":\"ListItem\",\"position\":1,\"name\":\"Home\",\"item\":\"https:\/\/welleshaft.com\/\"},{\"@type\":\"ListItem\",\"position\":2,\"name\":\"Manufacturing\",\"item\":\"https:\/\/welleshaft.com\/en\/manufacturing\/\"},{\"@type\":\"ListItem\",\"position\":3,\"name\":\"Optical Fiber Micro Drilling\"}]},{\"@type\":\"WebSite\",\"@id\":\"https:\/\/welleshaft.com\/ja\/#website\",\"url\":\"https:\/\/welleshaft.com\/ja\/\",\"name\":\"WELLE SHAFT\",\"description\":\"\",\"potentialAction\":[{\"@type\":\"SearchAction\",\"target\":{\"@type\":\"EntryPoint\",\"urlTemplate\":\"https:\/\/welleshaft.com\/ja\/?s={search_term_string}\"},\"query-input\":{\"@type\":\"PropertyValueSpecification\",\"valueRequired\":true,\"valueName\":\"search_term_string\"}}],\"inLanguage\":\"pt-PT\"}]}<\/script>\n<!-- \/ Yoast SEO plugin. -->","yoast_head_json":{"title":"Microperfura\u00e7\u00e3o com fibra \u00f3tica - WELLE SHAFT","description":"Servi\u00e7os de perfura\u00e7\u00e3o a laser de fibras \u00f3pticas. Utilizamos um laser de femtosegundo, que apresenta muitas vantagens em rela\u00e7\u00e3o ao processamento laser convencional, permitindo um processo preciso","robots":{"index":"index","follow":"follow","max-snippet":"max-snippet:-1","max-image-preview":"max-image-preview:large","max-video-preview":"max-video-preview:-1"},"canonical":"https:\/\/welleshaft.com\/pt_pt\/fabricante\/microusinagem-por-laser-de-femtossegundo\/","og_locale":"pt_PT","og_type":"article","og_title":"Optical Fiber Micro Drilling - WELLE SHAFT","og_description":"Optical fibers laser drilling services. We use a femtosecond laser, which shows many advantages over conventional laser processing, enabling precise process","og_url":"https:\/\/welleshaft.com\/pt_pt\/fabricante\/microusinagem-por-laser-de-femtossegundo\/","og_site_name":"WELLE SHAFT","article_modified_time":"2026-04-13T03:18:58+00:00","og_image":[{"width":720,"height":825,"url":"https:\/\/welleshaft.com\/wp-content\/uploads\/2024\/02\/Optical-Fiber-Laser-Cutting-Welle.webp","type":"image\/webp"}],"twitter_card":"summary_large_image","twitter_misc":{"Tempo estimado de leitura":"2 minutos"},"schema":{"@context":"https:\/\/schema.org","@graph":[{"@type":"WebPage","@id":"https:\/\/welleshaft.com\/vi\/manufacturer\/femtosecond-laser-micromachining\/","url":"https:\/\/welleshaft.com\/vi\/manufacturer\/femtosecond-laser-micromachining\/","name":"Microperfura\u00e7\u00e3o com fibra \u00f3tica - WELLE SHAFT","isPartOf":{"@id":"https:\/\/welleshaft.com\/ja\/#website"},"primaryImageOfPage":{"@id":"https:\/\/welleshaft.com\/vi\/manufacturer\/femtosecond-laser-micromachining\/#primaryimage"},"image":{"@id":"https:\/\/welleshaft.com\/vi\/manufacturer\/femtosecond-laser-micromachining\/#primaryimage"},"thumbnailUrl":"https:\/\/welleshaft.com\/wp-content\/uploads\/2024\/02\/Optical-Fiber-Laser-Cutting-Welle.webp","datePublished":"2024-03-20T05:11:08+00:00","dateModified":"2026-04-13T03:18:58+00:00","description":"Servi\u00e7os de perfura\u00e7\u00e3o a laser de fibras \u00f3pticas. Utilizamos um laser de femtosegundo, que apresenta muitas vantagens em rela\u00e7\u00e3o ao processamento laser convencional, permitindo um processo preciso","breadcrumb":{"@id":"https:\/\/welleshaft.com\/vi\/manufacturer\/femtosecond-laser-micromachining\/#breadcrumb"},"inLanguage":"pt-PT","potentialAction":[{"@type":"ReadAction","target":["https:\/\/welleshaft.com\/vi\/manufacturer\/femtosecond-laser-micromachining\/"]}]},{"@type":"ImageObject","inLanguage":"pt-PT","@id":"https:\/\/welleshaft.com\/vi\/manufacturer\/femtosecond-laser-micromachining\/#primaryimage","url":"https:\/\/welleshaft.com\/wp-content\/uploads\/2024\/02\/Optical-Fiber-Laser-Cutting-Welle.webp","contentUrl":"https:\/\/welleshaft.com\/wp-content\/uploads\/2024\/02\/Optical-Fiber-Laser-Cutting-Welle.webp","width":720,"height":825,"caption":"Optical-Fiber-Laser-Cutting-Welle"},{"@type":"BreadcrumbList","@id":"https:\/\/welleshaft.com\/vi\/manufacturer\/femtosecond-laser-micromachining\/#breadcrumb","itemListElement":[{"@type":"ListItem","position":1,"name":"Home","item":"https:\/\/welleshaft.com\/"},{"@type":"ListItem","position":2,"name":"Manufacturing","item":"https:\/\/welleshaft.com\/en\/manufacturing\/"},{"@type":"ListItem","position":3,"name":"Optical Fiber Micro Drilling"}]},{"@type":"WebSite","@id":"https:\/\/welleshaft.com\/ja\/#website","url":"https:\/\/welleshaft.com\/ja\/","name":"EIXO DA RODA","description":"","potentialAction":[{"@type":"SearchAction","target":{"@type":"EntryPoint","urlTemplate":"https:\/\/welleshaft.com\/ja\/?s={search_term_string}"},"query-input":{"@type":"PropertyValueSpecification","valueRequired":true,"valueName":"search_term_string"}}],"inLanguage":"pt-PT"}]}},"_links":{"self":[{"href":"https:\/\/welleshaft.com\/pt_pt\/wp-json\/wp\/v2\/product\/2118","targetHints":{"allow":["GET"]}}],"collection":[{"href":"https:\/\/welleshaft.com\/pt_pt\/wp-json\/wp\/v2\/product"}],"about":[{"href":"https:\/\/welleshaft.com\/pt_pt\/wp-json\/wp\/v2\/types\/product"}],"replies":[{"embeddable":true,"href":"https:\/\/welleshaft.com\/pt_pt\/wp-json\/wp\/v2\/comments?post=2118"}],"wp:featuredmedia":[{"embeddable":true,"href":"https:\/\/welleshaft.com\/pt_pt\/wp-json\/wp\/v2\/media\/1617"}],"wp:attachment":[{"href":"https:\/\/welleshaft.com\/pt_pt\/wp-json\/wp\/v2\/media?parent=2118"}],"wp:term":[{"taxonomy":"product_brand","embeddable":true,"href":"https:\/\/welleshaft.com\/pt_pt\/wp-json\/wp\/v2\/product_brand?post=2118"},{"taxonomy":"product_cat","embeddable":true,"href":"https:\/\/welleshaft.com\/pt_pt\/wp-json\/wp\/v2\/product_cat?post=2118"}],"curies":[{"name":"wp","href":"https:\/\/api.w.org\/{rel}","templated":true}]}}