{"id":1874,"date":"2024-03-06T07:30:04","date_gmt":"2024-03-06T07:30:04","guid":{"rendered":"https:\/\/welleshaft.com\/?post_type=product&#038;p=1874"},"modified":"2026-04-02T03:26:17","modified_gmt":"2026-04-02T03:26:17","slug":"quest-ce-que-lextrusion-metallique","status":"publish","type":"product","link":"https:\/\/welleshaft.com\/fr_fr\/fabricant\/quest-ce-que-lextrusion-metallique\/","title":{"rendered":"Extrusion de m\u00e9tal"},"content":{"rendered":"<h2>Extrusion des m\u00e9taux : mat\u00e9riaux, types, proc\u00e9d\u00e9s, applications<\/h2>\n<div>L'extrusion des m\u00e9taux est un processus de fabrication cl\u00e9 dans le paysage industriel moderne, essentiel pour cr\u00e9er des profils transversaux complexes \u00e0 partir d'une vari\u00e9t\u00e9 de m\u00e9taux. Ce blog explore l'histoire, la d\u00e9finition, les mat\u00e9riaux, les caract\u00e9ristiques, les processus, les types, les avantages et les applications de l'extrusion des m\u00e9taux, offrant une compr\u00e9hension compl\u00e8te de son importance dans diverses industries.<\/div>\n<div><\/div>\n<h2>Histoire de l'extrusion des m\u00e9taux<\/h2>\n<div>L'histoire de l'extrusion des m\u00e9taux remonte au d\u00e9but du XIXe si\u00e8cle, lorsque Joseph Bramah a brevet\u00e9 le premier proc\u00e9d\u00e9 d'extrusion en 1797, principalement pour cr\u00e9er des tuyaux en plomb. Au fil des si\u00e8cles, les progr\u00e8s technologiques ont \u00e9largi les applications et l'efficacit\u00e9 de l'extrusion des m\u00e9taux, ce qui en fait un proc\u00e9d\u00e9 indispensable dans des secteurs allant de l'automobile \u00e0 l'a\u00e9rospatiale.<\/div>\n<div><\/div>\n<h2>Qu'est-ce que l'extrusion de m\u00e9tal ?<\/h2>\n<div>L'extrusion du m\u00e9tal est un processus de fabrication dans lequel une billette de m\u00e9tal est forc\u00e9e \u00e0 travers une fili\u00e8re, ce qui permet d'obtenir un produit au profil continu. Le processus implique une d\u00e9formation importante de la billette, la transformant avec pr\u00e9cision dans les formes souhait\u00e9es.<\/div>\n<div><\/div>\n<h2>Mat\u00e9riaux utilis\u00e9s dans l'extrusion des m\u00e9taux<\/h2>\n<div>L'extrusion des m\u00e9taux est polyvalente et permet de traiter une large gamme de mat\u00e9riaux. Les mat\u00e9riaux les plus courants sont les suivants<\/div>\n<p><strong>Aluminium :<\/strong> Largement utilis\u00e9 en raison de sa l\u00e9g\u00e8ret\u00e9 et de son excellente r\u00e9sistance \u00e0 la corrosion.<\/p>\n<div><strong>Le cuivre :<\/strong> Pr\u00e9f\u00e9r\u00e9 pour sa conductivit\u00e9 \u00e9lectrique et thermique.<\/div>\n<div><strong>Acier :<\/strong> Utilis\u00e9 pour les applications \u00e0 haute r\u00e9sistance.<\/div>\n<div><strong>Magn\u00e9sium :<\/strong> Appr\u00e9ci\u00e9 pour ses propri\u00e9t\u00e9s de l\u00e9g\u00e8ret\u00e9.<\/div>\n<div><strong>Laiton :<\/strong> Connu pour sa mall\u00e9abilit\u00e9 et sa r\u00e9sistance \u00e0 la corrosion.<\/div>\n<h3>Caract\u00e9ristiques et sp\u00e9cifications de l'extrusion de m\u00e9tal<\/h3>\n<div><strong>Haute pr\u00e9cision :<\/strong> Capacit\u00e9 \u00e0 produire des profils transversaux complexes avec des tol\u00e9rances serr\u00e9es.<\/div>\n<div><strong>Finition de la surface :<\/strong> Capable de r\u00e9aliser des finitions de surface de haute qualit\u00e9.<\/div>\n<div><strong>Solidit\u00e9 et durabilit\u00e9 :<\/strong> Am\u00e9lioration des propri\u00e9t\u00e9s m\u00e9caniques gr\u00e2ce \u00e0 l'\u00e9crouissage.<\/div>\n<div><strong>Co\u00fbt-efficacit\u00e9<\/strong>: \u00c9conomique pour la production de grandes quantit\u00e9s de pi\u00e8ces.<\/div>\n<div>Proc\u00e9d\u00e9s d'extrusion des m\u00e9taux<\/div>\n<div><strong>Extrusion directe :<\/strong> La billette et le coulisseau se d\u00e9placent dans la m\u00eame direction. Courant pour la production de grandes longueurs continues.<\/div>\n<div><strong>Extrusion indirecte :<\/strong> La fili\u00e8re se d\u00e9place vers le lopin stationnaire, ce qui r\u00e9duit les frottements et am\u00e9liore le flux de mati\u00e8re.<\/div>\n<div><strong>Extrusion hydrostatique :<\/strong> Il s'agit d'un fluide qui exerce une pression uniforme sur la billette.<\/div>\n<div><strong>Extrusion par impact :<\/strong> Proc\u00e9d\u00e9 \u00e0 grande vitesse id\u00e9al pour la production de composants \u00e0 parois minces.<\/div>\n<div><strong>Extrusion \u00e0 froid :<\/strong> R\u00e9alis\u00e9 \u00e0 temp\u00e9rature ambiante, il convient \u00e0 la production de composants \u00e0 haute r\u00e9sistance.<\/div>\n<div><strong>Extrusion \u00e0 chaud :<\/strong> Conduite \u00e0 des temp\u00e9ratures \u00e9lev\u00e9es pour r\u00e9duire la r\u00e9sistance des mat\u00e9riaux et augmenter leur ductilit\u00e9.<\/div>\n<h3>Types de traitement de l'extrusion des m\u00e9taux<\/h3>\n<div><strong>Extrusion \u00e0 chaud :<\/strong> Convient aux m\u00e9taux tels que l'aluminium et le cuivre.<\/div>\n<div><strong>Extrusion \u00e0 froid :<\/strong> Utilis\u00e9 pour les m\u00e9taux \u00e0 haute r\u00e9sistance comme l'acier et le magn\u00e9sium.<\/div>\n<div><strong>Extrusion directe :<\/strong> Commun pour la production de formes simples.<\/div>\n<div><strong>Extrusion indirecte :<\/strong> Pr\u00e9f\u00e9r\u00e9 pour les formes complexes avec de meilleures propri\u00e9t\u00e9s mat\u00e9rielles.<\/div>\n<div><strong>Extrusion hydrostatique :<\/strong> Id\u00e9al pour les mat\u00e9riaux fragiles.<\/div>\n<h3>Avantages de l'extrusion des m\u00e9taux<\/h3>\n<div><strong>Polyvalence :<\/strong> Peut produire une large gamme de formes et de tailles.<\/div>\n<div><strong>Efficacit\u00e9 :<\/strong> Taux de production et utilisation des mat\u00e9riaux \u00e9lev\u00e9s.<\/div>\n<div><strong>La force :<\/strong> Am\u00e9lioration des propri\u00e9t\u00e9s m\u00e9caniques gr\u00e2ce \u00e0 l'\u00e9crouissage.<\/div>\n<div><strong>Rentabilit\u00e9 :<\/strong> Economique pour la production de masse.<\/div>\n<h3>Applications de l'extrusion des m\u00e9taux<\/h3>\n<div><strong>Automobile :<\/strong> Composants structurels, ch\u00e2ssis et pi\u00e8ces de moteur.<\/div>\n<div><strong>A\u00e9rospatiale :<\/strong> Cadres d'a\u00e9ronefs, fuselage et composants d'ailes.<\/div>\n<div><strong>Construction :<\/strong> Cadres de fen\u00eatres, poutres et \u00e9l\u00e9ments structurels.<\/div>\n<div><strong>\u00c9lectronique :<\/strong> Dissipateurs thermiques et bo\u00eetiers.<\/div>\n<div><strong>Biens de consommation :<\/strong> Meubles, articles de sport et appareils \u00e9lectrom\u00e9nagers.<\/div>\n<h3>Conclusion<\/h3>\n<div>L'extrusion des m\u00e9taux reste une pierre angulaire de la fabrication moderne, offrant une polyvalence, une efficacit\u00e9 et une pr\u00e9cision in\u00e9gal\u00e9es. La compr\u00e9hension de son histoire, de ses processus et de ses applications souligne son importance dans la promotion de l'innovation et de l'efficacit\u00e9 dans diverses industries. \u00c0 mesure que la technologie continue d'\u00e9voluer, l'extrusion m\u00e9tallique jouera sans aucun doute un r\u00f4le crucial dans le fa\u00e7onnement de l'avenir de la fabrication.<\/div>\n<div class=\"row\"  id=\"row-1836514686\">\n\n\t<div id=\"col-1902304934\" class=\"col medium-6 small-12 large-6\"  >\n\t\t\t\t<div class=\"col-inner\"  >\n\t\t\t\n\t\t\t\n<div class=\"video video-fit mb\" style=\"padding-top:100%;\"><p><iframe loading=\"lazy\" title=\"Dissipateur thermique en aluminium\" width=\"1020\" height=\"574\" src=\"https:\/\/www.youtube.com\/embed\/lWkMGR19Vwo?feature=oembed\" frameborder=\"0\" allow=\"accelerometer; autoplay; clipboard-write; encrypted-media; gyroscope; picture-in-picture; web-share\" referrerpolicy=\"strict-origin-when-cross-origin\" allowfullscreen><\/iframe><\/p>\n<\/div>\n\t\t<\/div>\n\t\t\t\t\t<\/div>\n\n\t\n\n\t<div id=\"col-782059027\" class=\"col medium-6 small-12 large-6\"  >\n\t\t\t\t<div class=\"col-inner\"  >\n\t\t\t\n\t\t\t\n<div class=\"video video-fit mb\" style=\"padding-top:100%;\"><p><iframe loading=\"lazy\" title=\"Dissipateur thermique en aluminium\" width=\"1020\" height=\"574\" src=\"https:\/\/www.youtube.com\/embed\/wSBTqasKEu4?feature=oembed\" frameborder=\"0\" allow=\"accelerometer; autoplay; clipboard-write; encrypted-media; gyroscope; picture-in-picture; web-share\" referrerpolicy=\"strict-origin-when-cross-origin\" allowfullscreen><\/iframe><\/p>\n<\/div>\n\t\t<\/div>\n\t\t\t\t\t<\/div>\n\n\t\n<\/div>","protected":false},"excerpt":{"rendered":"<p>Metal Extrusion:Materials,Types,Processes,Applications Metal extrusion is a key manufacturing process in the modern industrial landscape, crucial for creating complex cross-sectional profiles from a variety of metals. This blog explores the history, definition, materials, features, processes, types, benefits, and applications of metal extrusion, offering a comprehensive understanding of its significance in various industries. History of Metal Extrusion [&#8230;]\n","protected":false},"featured_media":1875,"comment_status":"open","ping_status":"closed","template":"","meta":[],"product_brand":[],"product_cat":[39],"class_list":{"0":"post-1874","1":"product","2":"type-product","3":"status-publish","4":"has-post-thumbnail","6":"product_cat-precision-forging-and-custom-forging-solutions-manufacturer","8":"first","9":"instock","10":"shipping-taxable","11":"product-type-simple"},"yoast_head":"<!-- This site is optimized with the Yoast SEO plugin v27.2 - https:\/\/yoast.com\/product\/yoast-seo-wordpress\/ -->\n<title>Metal Extrusion - WELLE SHAFT<\/title>\n<meta name=\"description\" content=\"Discover the metal extrusion process, types, and characteristics. Learn how this method creates parts from steel, aluminum, copper, and more.\" \/>\n<meta name=\"robots\" content=\"index, follow, max-snippet:-1, max-image-preview:large, max-video-preview:-1\" \/>\n<link rel=\"canonical\" href=\"https:\/\/welleshaft.com\/fr_fr\/fabricant\/quest-ce-que-lextrusion-metallique\/\" \/>\n<meta property=\"og:locale\" content=\"fr_FR\" \/>\n<meta property=\"og:type\" content=\"article\" \/>\n<meta property=\"og:title\" content=\"Metal Extrusion - WELLE SHAFT\" \/>\n<meta property=\"og:description\" content=\"Discover the metal extrusion process, types, and characteristics. Learn how this method creates parts from steel, aluminum, copper, and more.\" \/>\n<meta property=\"og:url\" content=\"https:\/\/welleshaft.com\/fr_fr\/fabricant\/quest-ce-que-lextrusion-metallique\/\" \/>\n<meta property=\"og:site_name\" content=\"WELLE SHAFT\" \/>\n<meta property=\"article:modified_time\" content=\"2026-04-02T03:26:17+00:00\" \/>\n<meta property=\"og:image\" content=\"https:\/\/welleshaft.com\/wp-content\/uploads\/2024\/03\/EV-8060-Motor-shaft-Welle.webp\" \/>\n\t<meta property=\"og:image:width\" content=\"800\" \/>\n\t<meta property=\"og:image:height\" content=\"600\" \/>\n\t<meta property=\"og:image:type\" content=\"image\/webp\" \/>\n<meta name=\"twitter:card\" content=\"summary_large_image\" \/>\n<meta name=\"twitter:label1\" content=\"Dur\u00e9e de lecture estim\u00e9e\" \/>\n\t<meta name=\"twitter:data1\" content=\"3 minutes\" \/>\n<script type=\"application\/ld+json\" class=\"yoast-schema-graph\">{\"@context\":\"https:\/\/schema.org\",\"@graph\":[{\"@type\":\"WebPage\",\"@id\":\"https:\/\/welleshaft.com\/vi\/manufacturer\/what-is-metal-extrusion-welleshaft\/\",\"url\":\"https:\/\/welleshaft.com\/vi\/manufacturer\/what-is-metal-extrusion-welleshaft\/\",\"name\":\"Metal Extrusion - WELLE SHAFT\",\"isPartOf\":{\"@id\":\"https:\/\/welleshaft.com\/ja\/#website\"},\"primaryImageOfPage\":{\"@id\":\"https:\/\/welleshaft.com\/vi\/manufacturer\/what-is-metal-extrusion-welleshaft\/#primaryimage\"},\"image\":{\"@id\":\"https:\/\/welleshaft.com\/vi\/manufacturer\/what-is-metal-extrusion-welleshaft\/#primaryimage\"},\"thumbnailUrl\":\"https:\/\/welleshaft.com\/wp-content\/uploads\/2024\/03\/EV-8060-Motor-shaft-Welle.webp\",\"datePublished\":\"2024-03-06T07:30:04+00:00\",\"dateModified\":\"2026-04-02T03:26:17+00:00\",\"description\":\"Discover the metal extrusion process, types, and characteristics. Learn how this method creates parts from steel, aluminum, copper, and more.\",\"breadcrumb\":{\"@id\":\"https:\/\/welleshaft.com\/vi\/manufacturer\/what-is-metal-extrusion-welleshaft\/#breadcrumb\"},\"inLanguage\":\"fr-FR\",\"potentialAction\":[{\"@type\":\"ReadAction\",\"target\":[\"https:\/\/welleshaft.com\/vi\/manufacturer\/what-is-metal-extrusion-welleshaft\/\"]}]},{\"@type\":\"ImageObject\",\"inLanguage\":\"fr-FR\",\"@id\":\"https:\/\/welleshaft.com\/vi\/manufacturer\/what-is-metal-extrusion-welleshaft\/#primaryimage\",\"url\":\"https:\/\/welleshaft.com\/wp-content\/uploads\/2024\/03\/EV-8060-Motor-shaft-Welle.webp\",\"contentUrl\":\"https:\/\/welleshaft.com\/wp-content\/uploads\/2024\/03\/EV-8060-Motor-shaft-Welle.webp\",\"width\":800,\"height\":600,\"caption\":\"EV-8060-Motor-shaft-Welle\"},{\"@type\":\"BreadcrumbList\",\"@id\":\"https:\/\/welleshaft.com\/vi\/manufacturer\/what-is-metal-extrusion-welleshaft\/#breadcrumb\",\"itemListElement\":[{\"@type\":\"ListItem\",\"position\":1,\"name\":\"Home\",\"item\":\"https:\/\/welleshaft.com\/\"},{\"@type\":\"ListItem\",\"position\":2,\"name\":\"Manufacturing\",\"item\":\"https:\/\/welleshaft.com\/en\/manufacturing\/\"},{\"@type\":\"ListItem\",\"position\":3,\"name\":\"Metal Extrusion\"}]},{\"@type\":\"WebSite\",\"@id\":\"https:\/\/welleshaft.com\/ja\/#website\",\"url\":\"https:\/\/welleshaft.com\/ja\/\",\"name\":\"WELLE SHAFT\",\"description\":\"\",\"potentialAction\":[{\"@type\":\"SearchAction\",\"target\":{\"@type\":\"EntryPoint\",\"urlTemplate\":\"https:\/\/welleshaft.com\/ja\/?s={search_term_string}\"},\"query-input\":{\"@type\":\"PropertyValueSpecification\",\"valueRequired\":true,\"valueName\":\"search_term_string\"}}],\"inLanguage\":\"fr-FR\"}]}<\/script>\n<!-- \/ Yoast SEO plugin. -->","yoast_head_json":{"title":"Extrusion de m\u00e9tal - ARBRE A DOUILLE","description":"D\u00e9couvrez le processus d'extrusion des m\u00e9taux, ses types et ses caract\u00e9ristiques. Apprenez comment cette m\u00e9thode permet de cr\u00e9er des pi\u00e8ces en acier, en aluminium, en cuivre, etc.","robots":{"index":"index","follow":"follow","max-snippet":"max-snippet:-1","max-image-preview":"max-image-preview:large","max-video-preview":"max-video-preview:-1"},"canonical":"https:\/\/welleshaft.com\/fr_fr\/fabricant\/quest-ce-que-lextrusion-metallique\/","og_locale":"fr_FR","og_type":"article","og_title":"Metal Extrusion - WELLE SHAFT","og_description":"Discover the metal extrusion process, types, and characteristics. Learn how this method creates parts from steel, aluminum, copper, and more.","og_url":"https:\/\/welleshaft.com\/fr_fr\/fabricant\/quest-ce-que-lextrusion-metallique\/","og_site_name":"WELLE SHAFT","article_modified_time":"2026-04-02T03:26:17+00:00","og_image":[{"width":800,"height":600,"url":"https:\/\/welleshaft.com\/wp-content\/uploads\/2024\/03\/EV-8060-Motor-shaft-Welle.webp","type":"image\/webp"}],"twitter_card":"summary_large_image","twitter_misc":{"Dur\u00e9e de lecture estim\u00e9e":"3 minutes"},"schema":{"@context":"https:\/\/schema.org","@graph":[{"@type":"WebPage","@id":"https:\/\/welleshaft.com\/vi\/manufacturer\/what-is-metal-extrusion-welleshaft\/","url":"https:\/\/welleshaft.com\/vi\/manufacturer\/what-is-metal-extrusion-welleshaft\/","name":"Extrusion de m\u00e9tal - ARBRE A DOUILLE","isPartOf":{"@id":"https:\/\/welleshaft.com\/ja\/#website"},"primaryImageOfPage":{"@id":"https:\/\/welleshaft.com\/vi\/manufacturer\/what-is-metal-extrusion-welleshaft\/#primaryimage"},"image":{"@id":"https:\/\/welleshaft.com\/vi\/manufacturer\/what-is-metal-extrusion-welleshaft\/#primaryimage"},"thumbnailUrl":"https:\/\/welleshaft.com\/wp-content\/uploads\/2024\/03\/EV-8060-Motor-shaft-Welle.webp","datePublished":"2024-03-06T07:30:04+00:00","dateModified":"2026-04-02T03:26:17+00:00","description":"D\u00e9couvrez le processus d'extrusion des m\u00e9taux, ses types et ses caract\u00e9ristiques. Apprenez comment cette m\u00e9thode permet de cr\u00e9er des pi\u00e8ces en acier, en aluminium, en cuivre, etc.","breadcrumb":{"@id":"https:\/\/welleshaft.com\/vi\/manufacturer\/what-is-metal-extrusion-welleshaft\/#breadcrumb"},"inLanguage":"fr-FR","potentialAction":[{"@type":"ReadAction","target":["https:\/\/welleshaft.com\/vi\/manufacturer\/what-is-metal-extrusion-welleshaft\/"]}]},{"@type":"ImageObject","inLanguage":"fr-FR","@id":"https:\/\/welleshaft.com\/vi\/manufacturer\/what-is-metal-extrusion-welleshaft\/#primaryimage","url":"https:\/\/welleshaft.com\/wp-content\/uploads\/2024\/03\/EV-8060-Motor-shaft-Welle.webp","contentUrl":"https:\/\/welleshaft.com\/wp-content\/uploads\/2024\/03\/EV-8060-Motor-shaft-Welle.webp","width":800,"height":600,"caption":"EV-8060-Motor-shaft-Welle"},{"@type":"BreadcrumbList","@id":"https:\/\/welleshaft.com\/vi\/manufacturer\/what-is-metal-extrusion-welleshaft\/#breadcrumb","itemListElement":[{"@type":"ListItem","position":1,"name":"Home","item":"https:\/\/welleshaft.com\/"},{"@type":"ListItem","position":2,"name":"Manufacturing","item":"https:\/\/welleshaft.com\/en\/manufacturing\/"},{"@type":"ListItem","position":3,"name":"Metal Extrusion"}]},{"@type":"WebSite","@id":"https:\/\/welleshaft.com\/ja\/#website","url":"https:\/\/welleshaft.com\/ja\/","name":"ARBRE \u00c0 ROTULE","description":"","potentialAction":[{"@type":"SearchAction","target":{"@type":"EntryPoint","urlTemplate":"https:\/\/welleshaft.com\/ja\/?s={search_term_string}"},"query-input":{"@type":"PropertyValueSpecification","valueRequired":true,"valueName":"search_term_string"}}],"inLanguage":"fr-FR"}]}},"_links":{"self":[{"href":"https:\/\/welleshaft.com\/fr_fr\/wp-json\/wp\/v2\/product\/1874","targetHints":{"allow":["GET"]}}],"collection":[{"href":"https:\/\/welleshaft.com\/fr_fr\/wp-json\/wp\/v2\/product"}],"about":[{"href":"https:\/\/welleshaft.com\/fr_fr\/wp-json\/wp\/v2\/types\/product"}],"replies":[{"embeddable":true,"href":"https:\/\/welleshaft.com\/fr_fr\/wp-json\/wp\/v2\/comments?post=1874"}],"wp:featuredmedia":[{"embeddable":true,"href":"https:\/\/welleshaft.com\/fr_fr\/wp-json\/wp\/v2\/media\/1875"}],"wp:attachment":[{"href":"https:\/\/welleshaft.com\/fr_fr\/wp-json\/wp\/v2\/media?parent=1874"}],"wp:term":[{"taxonomy":"product_brand","embeddable":true,"href":"https:\/\/welleshaft.com\/fr_fr\/wp-json\/wp\/v2\/product_brand?post=1874"},{"taxonomy":"product_cat","embeddable":true,"href":"https:\/\/welleshaft.com\/fr_fr\/wp-json\/wp\/v2\/product_cat?post=1874"}],"curies":[{"name":"wp","href":"https:\/\/api.w.org\/{rel}","templated":true}]}}