{"id":1827,"date":"2024-03-06T05:04:07","date_gmt":"2024-03-06T05:04:07","guid":{"rendered":"https:\/\/welleshaft.com\/?post_type=product&#038;p=1827"},"modified":"2026-04-29T04:26:19","modified_gmt":"2026-04-29T04:26:19","slug":"fabrication-dengrenages-hypoides-arbre-a-vis-sans-fin","status":"publish","type":"product","link":"https:\/\/welleshaft.com\/fr_fr\/fabricant\/fabrication-dengrenages-hypoides-arbre-a-vis-sans-fin\/","title":{"rendered":"Engrenage hypo\u00efde"},"content":{"rendered":"<h2>Engrenages hypo\u00efdes : une vue d'ensemble<\/h2>\n<h2>Qu'est-ce qu'un engrenage hypo\u00efde ?<\/h2>\n<div>Les engrenages hypo\u00efdes sont un type d'engrenage conique spiral\u00e9 o\u00f9 les axes des deux engrenages ne se croisent pas. Ils sont utilis\u00e9s pour transmettre la puissance entre des arbres qui sont \u00e0 angle droit l'un par rapport \u00e0 l'autre mais qui ne se croisent pas. Cette conception unique offre des avantages en termes de douceur de fonctionnement et de capacit\u00e9 de couple plus \u00e9lev\u00e9e.<\/div>\n<div><\/div>\n<h2>Quels sont les mat\u00e9riaux utilis\u00e9s pour les engrenages hypo\u00efdes ?<\/h2>\n<div>Les engrenages hypo\u00efdes sont fabriqu\u00e9s \u00e0 partir de divers mat\u00e9riaux afin de r\u00e9pondre aux diff\u00e9rentes applications et exigences de performance :<\/div>\n<div><strong>Acier alli\u00e9 :<\/strong> Il offre une r\u00e9sistance et une durabilit\u00e9 \u00e9lev\u00e9es et est couramment utilis\u00e9 dans les applications automobiles et industrielles.<\/div>\n<div><strong>Acier au carbone :<\/strong> Rentable et offrant une r\u00e9sistance ad\u00e9quate pour de nombreuses applications.<\/div>\n<div><strong>Acier inoxydable :<\/strong> R\u00e9siste \u00e0 la corrosion et convient aux environnements difficiles.<\/div>\n<div><strong>Fonte :<\/strong> Rentables et durables, ils sont souvent utilis\u00e9s pour les grands engrenages.<\/div>\n<div><strong>Laiton et bronze<\/strong>: Bonne pour les applications \u00e0 faible charge et lorsque la r\u00e9duction du frottement est b\u00e9n\u00e9fique.<\/div>\n<h2>Comment fonctionnent les engrenages hypo\u00efdes ?<\/h2>\n<div>Les engrenages hypo\u00efdes fonctionnent par l'engr\u00e8nement de leurs dents \u00e0 un angle droit, mais avec des axes qui ne se croisent pas. Cette conception permet une plus grande surface de contact entre les dents, ce qui se traduit par un fonctionnement plus souple, une capacit\u00e9 de charge plus \u00e9lev\u00e9e et des performances plus silencieuses que les engrenages coniques standard.<\/div>\n<div><\/div>\n<h2>Quels sont les types d'engrenages hypo\u00efdes ?<\/h2>\n<div>Les engrenages hypo\u00efdes peuvent \u00eatre class\u00e9s en fonction de leur conception et de leur application :<\/div>\n<div><strong>Engrenages hypo\u00efdes standard :<\/strong> Utilis\u00e9 dans la plupart des applications n\u00e9cessitant une transmission de puissance \u00e0 angle droit avec un couple \u00e9lev\u00e9.<\/div>\n<div><strong>Engrenage hypo\u00efde haute performance<\/strong>s : Con\u00e7u pour les applications n\u00e9cessitant un rendement plus \u00e9lev\u00e9 et un niveau de bruit plus faible, telles que les v\u00e9hicules \u00e0 hautes performances.<\/div>\n<h3>Comment les engrenages hypo\u00efdes se comparent-ils aux autres ? <a href=\"https:\/\/welleshaft.com\/manufacturer\/metal-worm-gear-and-worm-wheel-manufacturer\/\">Engrenages \u00e0 vis sans fin<\/a>?<\/h3>\n<div><strong>Transmission du couple :<\/strong> Les engrenages hypo\u00efdes peuvent transmettre un couple plus \u00e9lev\u00e9 que les engrenages \u00e0 vis sans fin.<\/div>\n<div><strong>Efficacit\u00e9 :<\/strong> Les engrenages hypo\u00efdes sont g\u00e9n\u00e9ralement plus efficaces que les engrenages \u00e0 vis sans fin, qui pr\u00e9sentent des pertes par frottement plus importantes.<\/div>\n<div><strong>Bruit et vibrations :<\/strong> Les engrenages hypo\u00efdes fonctionnent plus silencieusement et en douceur que les engrenages \u00e0 vis sans fin en raison de l'engagement progressif des dents.<\/div>\n<div><strong>Complexit\u00e9 de la conception :<\/strong> Les engrenages hypo\u00efdes sont plus complexes et plus co\u00fbteux \u00e0 fabriquer que les engrenages \u00e0 vis sans fin.<\/div>\n<h3>Quels sont les avantages des engrenages coniques standard par rapport aux engrenages hypo\u00efdes ?<\/h3>\n<div><strong>Simplicit\u00e9<\/strong>: Les engrenages coniques sont plus simples \u00e0 concevoir et \u00e0 fabriquer.<\/div>\n<div><strong>Co\u00fbt :<\/strong> Les engrenages coniques sont g\u00e9n\u00e9ralement moins co\u00fbteux en raison de processus de production plus simples.<\/div>\n<p><strong>Efficacit\u00e9 :<\/strong> Dans les applications o\u00f9 le besoin de couple est moindre, les engrenages coniques peuvent \u00eatre plus efficaces.<\/p>\n<h3>Quels sont les avantages des engrenages hypo\u00efdes par rapport aux engrenages standard ? <a href=\"https:\/\/welleshaft.com\/manufacturer\/bevel-gears-manufacturer-in-china\/\">Engrenages coniques<\/a>?<\/h3>\n<div><strong>Capacit\u00e9 de couple plus \u00e9lev\u00e9e :<\/strong> Les engrenages hypo\u00efdes peuvent supporter des couples plus \u00e9lev\u00e9s gr\u00e2ce \u00e0 leur plus grande surface de contact.<\/div>\n<div><strong>Fonctionnement plus silencieux :<\/strong> L'engr\u00e8nement doux des dents des engrenages hypo\u00efdes se traduit par des performances plus silencieuses.<\/div>\n<div><strong>Conception compacte :<\/strong> Les engrenages hypo\u00efdes permettent des conceptions plus compactes, en particulier dans les diff\u00e9rentiels automobiles.<\/div>\n<h3>Quelles sont les applications des engrenages hypo\u00efdes ?<\/h3>\n<div>Les engrenages hypo\u00efdes sont largement utilis\u00e9s dans les applications n\u00e9cessitant un couple \u00e9lev\u00e9 et un fonctionnement en douceur :<\/div>\n<div><\/div>\n<div><strong>Diff\u00e9rentiels automobiles :<\/strong> Assure une transmission efficace de la puissance dans les essieux des v\u00e9hicules.<\/div>\n<div><strong>Machines industrielles :<\/strong> Utilis\u00e9 dans les convoyeurs, les m\u00e9langeurs et autres machines lourdes.<\/div>\n<div><strong>A\u00e9rospatiale :<\/strong> Convient aux actionneurs et aux syst\u00e8mes de contr\u00f4le n\u00e9cessitant une pr\u00e9cision et une fiabilit\u00e9 \u00e9lev\u00e9es.<\/div>\n<div><strong>Marine :<\/strong> Utilis\u00e9 dans les syst\u00e8mes de propulsion et les machines de pont.<\/div>\n<h3>Pourquoi choisir Welleshaft pour vos besoins en engrenages hypo\u00efdes ?<\/h3>\n<div>Choisir Welleshaft pour vos besoins en engrenages hypo\u00efdes offre plusieurs avantages :<\/div>\n<div><strong>Expertise :<\/strong> Des d\u00e9cennies d'exp\u00e9rience dans la fabrication d'engrenages, garantissant des produits de haute qualit\u00e9.<\/div>\n<div><strong>Technologie avanc\u00e9e :<\/strong> Utilisation de techniques et d'\u00e9quipements de fabrication de pointe.<\/div>\n<div><strong>Personnalisation :<\/strong> Capacit\u00e9 \u00e0 cr\u00e9er des solutions sur mesure adapt\u00e9es \u00e0 vos besoins sp\u00e9cifiques.<\/div>\n<div><strong>Assurance qualit\u00e9<\/strong>: Engagement \u00e0 respecter des normes de qualit\u00e9 rigoureuses pour des \u00e9quipements fiables et durables.<\/div>\n<div><strong>Soutien \u00e0 la client\u00e8le<\/strong>: Un service et une assistance d\u00e9di\u00e9s tout au long du processus, de la conception \u00e0 la livraison.<\/div>\n<div><\/div>\n<div>En comprenant les caract\u00e9ristiques, les avantages et les applications des engrenages hypo\u00efdes, vous pouvez prendre des d\u00e9cisions \u00e9clair\u00e9es pour vos syst\u00e8mes m\u00e9caniques, en garantissant des performances et une fiabilit\u00e9 optimales. Choisir Welleshaft, c'est garantir l'acc\u00e8s \u00e0 des engrenages hypo\u00efdes de haute qualit\u00e9, con\u00e7us sur mesure et b\u00e9n\u00e9ficiant de d\u00e9cennies d'exp\u00e9rience et d'une technologie avanc\u00e9e.<\/div>\n<div class=\"video video-fit mb\" style=\"padding-top:56.25%;\"><p><iframe loading=\"lazy\" title=\"Comment sont fabriqu\u00e9s les engrenages hypo\u00efdes-Welleshaft\" width=\"1020\" height=\"574\" src=\"https:\/\/www.youtube.com\/embed\/qsLHQf_SE9A?feature=oembed\" frameborder=\"0\" allow=\"accelerometer; autoplay; clipboard-write; encrypted-media; gyroscope; picture-in-picture; web-share\" referrerpolicy=\"strict-origin-when-cross-origin\" allowfullscreen><\/iframe><\/p>\n<\/div>\n<div class=\"video video-fit mb\" style=\"padding-top:56.25%;\"><p><iframe loading=\"lazy\" title=\"Quelle est la conception des engrenages hypo\u00efdes ?\" width=\"1020\" height=\"574\" src=\"https:\/\/www.youtube.com\/embed\/amSr02eVWnY?feature=oembed\" frameborder=\"0\" allow=\"accelerometer; autoplay; clipboard-write; encrypted-media; gyroscope; picture-in-picture; web-share\" referrerpolicy=\"strict-origin-when-cross-origin\" allowfullscreen><\/iframe><\/p>\n<\/div>\n<div class=\"video video-fit mb\" style=\"padding-top:56.25%;\"><p><iframe loading=\"lazy\" title=\"Quels sont les mat\u00e9riaux couramment utilis\u00e9s pour les engrenages hypo\u00efdes ?\" width=\"1020\" height=\"574\" src=\"https:\/\/www.youtube.com\/embed\/LeyHof0St0k?feature=oembed\" frameborder=\"0\" allow=\"accelerometer; autoplay; clipboard-write; encrypted-media; gyroscope; picture-in-picture; web-share\" referrerpolicy=\"strict-origin-when-cross-origin\" allowfullscreen><\/iframe><\/p>\n<\/div>\n<div class=\"video video-fit mb\" style=\"padding-top:56.25%;\"><p><iframe loading=\"lazy\" title=\"Comment tester les mati\u00e8res premi\u00e8res des engrenages hypo\u00efdes ?\" width=\"1020\" height=\"574\" src=\"https:\/\/www.youtube.com\/embed\/QFNHlx2-Ra0?feature=oembed\" frameborder=\"0\" allow=\"accelerometer; autoplay; clipboard-write; encrypted-media; gyroscope; picture-in-picture; web-share\" referrerpolicy=\"strict-origin-when-cross-origin\" allowfullscreen><\/iframe><\/p>\n<\/div>\n<div class=\"video video-fit mb\" style=\"padding-top:56.25%;\"><p><iframe loading=\"lazy\" title=\"\u00c0 quoi servent les engrenages hypo\u00efdes ?\" width=\"1020\" height=\"574\" src=\"https:\/\/www.youtube.com\/embed\/Zvyl0zeTIUU?feature=oembed\" frameborder=\"0\" allow=\"accelerometer; autoplay; clipboard-write; encrypted-media; gyroscope; picture-in-picture; web-share\" referrerpolicy=\"strict-origin-when-cross-origin\" allowfullscreen><\/iframe><\/p>\n<\/div>","protected":false},"excerpt":{"rendered":"<p>Hypoid Gear:An overview What Are Hypoid Gears? Hypoid gears are a type of spiral bevel gear where the axes of the two gears do not intersect. They are used to transmit power between shafts that are at right angles to each other but do not intersect. This unique design provides advantages in terms of smooth [&#8230;]\n","protected":false},"featured_media":1828,"comment_status":"open","ping_status":"closed","template":"","meta":[],"product_brand":[],"product_cat":[40],"class_list":{"0":"post-1827","1":"product","2":"type-product","3":"status-publish","4":"has-post-thumbnail","6":"product_cat-custom-gears-and-custom-gear-manufacturing-at-welleshaft","8":"first","9":"instock","10":"shipping-taxable","11":"product-type-simple"},"yoast_head":"<!-- This site is optimized with the Yoast SEO plugin v27.2 - https:\/\/yoast.com\/product\/yoast-seo-wordpress\/ -->\n<title>Hypoid Gear - WELLE SHAFT<\/title>\n<meta name=\"description\" content=\"Hypoid gears are a type of spiral bevel gear with unique characteristics, featuring an offset shaft arrangement. also known as offset spiral bevel gears..\" \/>\n<meta name=\"robots\" content=\"index, follow, max-snippet:-1, max-image-preview:large, max-video-preview:-1\" \/>\n<link rel=\"canonical\" href=\"https:\/\/welleshaft.com\/fr_fr\/fabricant\/fabrication-dengrenages-hypoides-arbre-a-vis-sans-fin\/\" \/>\n<meta property=\"og:locale\" content=\"fr_FR\" \/>\n<meta property=\"og:type\" content=\"article\" \/>\n<meta property=\"og:title\" content=\"Hypoid Gear - WELLE SHAFT\" \/>\n<meta property=\"og:description\" content=\"Hypoid gears are a type of spiral bevel gear with unique characteristics, featuring an offset shaft arrangement. also known as offset spiral bevel gears..\" \/>\n<meta property=\"og:url\" content=\"https:\/\/welleshaft.com\/fr_fr\/fabricant\/fabrication-dengrenages-hypoides-arbre-a-vis-sans-fin\/\" \/>\n<meta property=\"og:site_name\" content=\"WELLE SHAFT\" \/>\n<meta property=\"article:modified_time\" content=\"2026-04-29T04:26:19+00:00\" \/>\n<meta property=\"og:image\" content=\"https:\/\/welleshaft.com\/wp-content\/uploads\/2024\/03\/Welle-8060-hypoid-gear-for-differential-application.webp\" \/>\n\t<meta property=\"og:image:width\" content=\"800\" \/>\n\t<meta property=\"og:image:height\" content=\"600\" \/>\n\t<meta property=\"og:image:type\" content=\"image\/webp\" \/>\n<meta name=\"twitter:card\" content=\"summary_large_image\" \/>\n<meta name=\"twitter:label1\" content=\"Dur\u00e9e de lecture estim\u00e9e\" \/>\n\t<meta name=\"twitter:data1\" content=\"3 minutes\" \/>\n<script type=\"application\/ld+json\" class=\"yoast-schema-graph\">{\"@context\":\"https:\/\/schema.org\",\"@graph\":[{\"@type\":\"WebPage\",\"@id\":\"https:\/\/welleshaft.com\/fr_be\/fabricant\/hypoid-gear-manufacturering-welleshaft\/\",\"url\":\"https:\/\/welleshaft.com\/fr_be\/fabricant\/hypoid-gear-manufacturering-welleshaft\/\",\"name\":\"Hypoid Gear - WELLE SHAFT\",\"isPartOf\":{\"@id\":\"https:\/\/welleshaft.com\/en\/#website\"},\"primaryImageOfPage\":{\"@id\":\"https:\/\/welleshaft.com\/fr_be\/fabricant\/hypoid-gear-manufacturering-welleshaft\/#primaryimage\"},\"image\":{\"@id\":\"https:\/\/welleshaft.com\/fr_be\/fabricant\/hypoid-gear-manufacturering-welleshaft\/#primaryimage\"},\"thumbnailUrl\":\"https:\/\/welleshaft.com\/wp-content\/uploads\/2024\/03\/Welle-8060-hypoid-gear-for-differential-application.webp\",\"datePublished\":\"2024-03-06T05:04:07+00:00\",\"dateModified\":\"2026-04-29T04:26:19+00:00\",\"description\":\"Hypoid gears are a type of spiral bevel gear with unique characteristics, featuring an offset shaft arrangement. also known as offset spiral bevel gears..\",\"breadcrumb\":{\"@id\":\"https:\/\/welleshaft.com\/fr_be\/fabricant\/hypoid-gear-manufacturering-welleshaft\/#breadcrumb\"},\"inLanguage\":\"fr-FR\",\"potentialAction\":[{\"@type\":\"ReadAction\",\"target\":[\"https:\/\/welleshaft.com\/fr_be\/fabricant\/hypoid-gear-manufacturering-welleshaft\/\"]}]},{\"@type\":\"ImageObject\",\"inLanguage\":\"fr-FR\",\"@id\":\"https:\/\/welleshaft.com\/fr_be\/fabricant\/hypoid-gear-manufacturering-welleshaft\/#primaryimage\",\"url\":\"https:\/\/welleshaft.com\/wp-content\/uploads\/2024\/03\/Welle-8060-hypoid-gear-for-differential-application.webp\",\"contentUrl\":\"https:\/\/welleshaft.com\/wp-content\/uploads\/2024\/03\/Welle-8060-hypoid-gear-for-differential-application.webp\",\"width\":800,\"height\":600,\"caption\":\"Welle-8060-hypoid-gear-for-differential-application\"},{\"@type\":\"BreadcrumbList\",\"@id\":\"https:\/\/welleshaft.com\/fr_be\/fabricant\/hypoid-gear-manufacturering-welleshaft\/#breadcrumb\",\"itemListElement\":[{\"@type\":\"ListItem\",\"position\":1,\"name\":\"Home\",\"item\":\"https:\/\/welleshaft.com\/en\/\"},{\"@type\":\"ListItem\",\"position\":2,\"name\":\"Manufacturing\",\"item\":\"https:\/\/welleshaft.com\/en\/manufacturing\/\"},{\"@type\":\"ListItem\",\"position\":3,\"name\":\"Hypoid Gear\"}]},{\"@type\":\"WebSite\",\"@id\":\"https:\/\/welleshaft.com\/en\/#website\",\"url\":\"https:\/\/welleshaft.com\/en\/\",\"name\":\"WELLE SHAFT\",\"description\":\"\",\"potentialAction\":[{\"@type\":\"SearchAction\",\"target\":{\"@type\":\"EntryPoint\",\"urlTemplate\":\"https:\/\/welleshaft.com\/en\/?s={search_term_string}\"},\"query-input\":{\"@type\":\"PropertyValueSpecification\",\"valueRequired\":true,\"valueName\":\"search_term_string\"}}],\"inLanguage\":\"fr-FR\"}]}<\/script>\n<!-- \/ Yoast SEO plugin. -->","yoast_head_json":{"title":"Engrenage hypo\u00efde - ARBRE A DOUILLE","description":"Les engrenages hypo\u00efdes sont un type d'engrenage conique spiral\u00e9 pr\u00e9sentant des caract\u00e9ristiques uniques, avec un arbre d\u00e9cal\u00e9. \u00e9galement connu sous le nom d'engrenage conique spiral\u00e9 d\u00e9cal\u00e9.","robots":{"index":"index","follow":"follow","max-snippet":"max-snippet:-1","max-image-preview":"max-image-preview:large","max-video-preview":"max-video-preview:-1"},"canonical":"https:\/\/welleshaft.com\/fr_fr\/fabricant\/fabrication-dengrenages-hypoides-arbre-a-vis-sans-fin\/","og_locale":"fr_FR","og_type":"article","og_title":"Hypoid Gear - WELLE SHAFT","og_description":"Hypoid gears are a type of spiral bevel gear with unique characteristics, featuring an offset shaft arrangement. also known as offset spiral bevel gears..","og_url":"https:\/\/welleshaft.com\/fr_fr\/fabricant\/fabrication-dengrenages-hypoides-arbre-a-vis-sans-fin\/","og_site_name":"WELLE SHAFT","article_modified_time":"2026-04-29T04:26:19+00:00","og_image":[{"width":800,"height":600,"url":"https:\/\/welleshaft.com\/wp-content\/uploads\/2024\/03\/Welle-8060-hypoid-gear-for-differential-application.webp","type":"image\/webp"}],"twitter_card":"summary_large_image","twitter_misc":{"Dur\u00e9e de lecture estim\u00e9e":"3 minutes"},"schema":{"@context":"https:\/\/schema.org","@graph":[{"@type":"WebPage","@id":"https:\/\/welleshaft.com\/fr_be\/fabricant\/hypoid-gear-manufacturering-welleshaft\/","url":"https:\/\/welleshaft.com\/fr_be\/fabricant\/hypoid-gear-manufacturering-welleshaft\/","name":"Engrenage hypo\u00efde - ARBRE A DOUILLE","isPartOf":{"@id":"https:\/\/welleshaft.com\/en\/#website"},"primaryImageOfPage":{"@id":"https:\/\/welleshaft.com\/fr_be\/fabricant\/hypoid-gear-manufacturering-welleshaft\/#primaryimage"},"image":{"@id":"https:\/\/welleshaft.com\/fr_be\/fabricant\/hypoid-gear-manufacturering-welleshaft\/#primaryimage"},"thumbnailUrl":"https:\/\/welleshaft.com\/wp-content\/uploads\/2024\/03\/Welle-8060-hypoid-gear-for-differential-application.webp","datePublished":"2024-03-06T05:04:07+00:00","dateModified":"2026-04-29T04:26:19+00:00","description":"Les engrenages hypo\u00efdes sont un type d'engrenage conique spiral\u00e9 pr\u00e9sentant des caract\u00e9ristiques uniques, avec un arbre d\u00e9cal\u00e9. \u00e9galement connu sous le nom d'engrenage conique spiral\u00e9 d\u00e9cal\u00e9.","breadcrumb":{"@id":"https:\/\/welleshaft.com\/fr_be\/fabricant\/hypoid-gear-manufacturering-welleshaft\/#breadcrumb"},"inLanguage":"fr-FR","potentialAction":[{"@type":"ReadAction","target":["https:\/\/welleshaft.com\/fr_be\/fabricant\/hypoid-gear-manufacturering-welleshaft\/"]}]},{"@type":"ImageObject","inLanguage":"fr-FR","@id":"https:\/\/welleshaft.com\/fr_be\/fabricant\/hypoid-gear-manufacturering-welleshaft\/#primaryimage","url":"https:\/\/welleshaft.com\/wp-content\/uploads\/2024\/03\/Welle-8060-hypoid-gear-for-differential-application.webp","contentUrl":"https:\/\/welleshaft.com\/wp-content\/uploads\/2024\/03\/Welle-8060-hypoid-gear-for-differential-application.webp","width":800,"height":600,"caption":"Welle-8060-hypoid-gear-for-differential-application"},{"@type":"BreadcrumbList","@id":"https:\/\/welleshaft.com\/fr_be\/fabricant\/hypoid-gear-manufacturering-welleshaft\/#breadcrumb","itemListElement":[{"@type":"ListItem","position":1,"name":"Home","item":"https:\/\/welleshaft.com\/en\/"},{"@type":"ListItem","position":2,"name":"Manufacturing","item":"https:\/\/welleshaft.com\/en\/manufacturing\/"},{"@type":"ListItem","position":3,"name":"Hypoid Gear"}]},{"@type":"WebSite","@id":"https:\/\/welleshaft.com\/en\/#website","url":"https:\/\/welleshaft.com\/en\/","name":"ARBRE \u00c0 ROTULE","description":"","potentialAction":[{"@type":"SearchAction","target":{"@type":"EntryPoint","urlTemplate":"https:\/\/welleshaft.com\/en\/?s={search_term_string}"},"query-input":{"@type":"PropertyValueSpecification","valueRequired":true,"valueName":"search_term_string"}}],"inLanguage":"fr-FR"}]}},"_links":{"self":[{"href":"https:\/\/welleshaft.com\/fr_fr\/wp-json\/wp\/v2\/product\/1827","targetHints":{"allow":["GET"]}}],"collection":[{"href":"https:\/\/welleshaft.com\/fr_fr\/wp-json\/wp\/v2\/product"}],"about":[{"href":"https:\/\/welleshaft.com\/fr_fr\/wp-json\/wp\/v2\/types\/product"}],"replies":[{"embeddable":true,"href":"https:\/\/welleshaft.com\/fr_fr\/wp-json\/wp\/v2\/comments?post=1827"}],"wp:featuredmedia":[{"embeddable":true,"href":"https:\/\/welleshaft.com\/fr_fr\/wp-json\/wp\/v2\/media\/1828"}],"wp:attachment":[{"href":"https:\/\/welleshaft.com\/fr_fr\/wp-json\/wp\/v2\/media?parent=1827"}],"wp:term":[{"taxonomy":"product_brand","embeddable":true,"href":"https:\/\/welleshaft.com\/fr_fr\/wp-json\/wp\/v2\/product_brand?post=1827"},{"taxonomy":"product_cat","embeddable":true,"href":"https:\/\/welleshaft.com\/fr_fr\/wp-json\/wp\/v2\/product_cat?post=1827"}],"curies":[{"name":"wp","href":"https:\/\/api.w.org\/{rel}","templated":true}]}}