{"id":2118,"date":"2024-03-20T05:11:08","date_gmt":"2024-03-20T05:11:08","guid":{"rendered":"https:\/\/welleshaft.com\/?post_type=product&#038;p=2118"},"modified":"2026-04-08T13:15:03","modified_gmt":"2026-04-08T13:15:03","slug":"micro-usinage-par-laser-femtoseconde","status":"publish","type":"product","link":"https:\/\/welleshaft.com\/fr_be\/fabricant\/micro-usinage-par-laser-femtoseconde\/","title":{"rendered":"Micro-per\u00e7age par fibre optique"},"content":{"rendered":"<h2>Services de forage laser \u00e0 fibres optiques : une vue d'ensemble<\/h2>\n<h2>Qu'est-ce que le per\u00e7age de micro-trous par laser \u00e0 fibres optiques ?<\/h2>\n<p>Fibres optiques Le per\u00e7age au laser de micro-trous est une technique sp\u00e9cialis\u00e9e qui consiste \u00e0 percer avec pr\u00e9cision des trous de taille microscopique dans des mat\u00e9riaux \u00e0 base de fibres optiques \u00e0 l'aide d'une technologie laser de pointe. Cette technique permet de cr\u00e9er des structures et des caract\u00e9ristiques complexes, essentielles pour une large gamme d'applications dans des secteurs tels que les t\u00e9l\u00e9communications, les fibres optiques et les capteurs optiques.<\/p>\n<h2>Comment le traitement des lasers \u00e0 fibre optique et la technologie des lasers femtoseconde s'effectuent-ils ?<\/h2>\n<p>S'appuyant sur la puissance des lasers \u00e0 fibre optique et de la technologie des lasers femtoseconde, notre processus de micro-per\u00e7age au laser permet d'atteindre une pr\u00e9cision et un contr\u00f4le in\u00e9gal\u00e9s. Des fibres optiques micro-perc\u00e9es aux fibres de silice de forme libre perc\u00e9es au laser, nos capacit\u00e9s s'\u00e9tendent au per\u00e7age de micro-trous dans n'importe quel mat\u00e9riau avec une pr\u00e9cision et une reproductibilit\u00e9 exceptionnelles.<\/p>\n<h2>Quels sont les mat\u00e9riaux utilis\u00e9s pour le micro-per\u00e7age au laser ?<\/h2>\n<p>Notre expertise en mati\u00e8re de micro-per\u00e7age au laser s'\u00e9tend \u00e0 une grande vari\u00e9t\u00e9 de mat\u00e9riaux, notamment les composites polym\u00e8res renforc\u00e9s de fibres de verre, les fibres optiques polym\u00e8res microstructur\u00e9es et les fibres optiques microstructur\u00e9es. Qu'il s'agisse de percer des micro-trous dans des fibres optiques traditionnelles ou de repousser les limites avec des mat\u00e9riaux innovants, nous obtenons des r\u00e9sultats qui d\u00e9passent les attentes.<\/p>\n<h3>O\u00f9 en sont les applications de micro-per\u00e7age au laser ?<\/h3>\n<p>Les applications du micro-per\u00e7age laser dans les fibres optiques sont vastes et diverses. Qu'il s'agisse d'am\u00e9liorer les performances des syst\u00e8mes de communication par fibre optique ou de permettre le d\u00e9veloppement de capteurs avanc\u00e9s \u00e0 base de fibre optique, nos fibres perc\u00e9es avec pr\u00e9cision ouvrent la voie \u00e0 des perc\u00e9es dans diverses industries. Qu'il s'agisse de cr\u00e9er des fibres optiques microstructur\u00e9es pour l'imagerie biom\u00e9dicale ou d'optimiser les fibres optiques pour la transmission de donn\u00e9es, les possibilit\u00e9s sont infinies.<\/p>\n<h3>Quelles sont les industries des composants des fibres optiques ?<\/h3>\n<p>Alors que la demande de fibres optiques de haute performance continue d'augmenter, l'avenir du micro-per\u00e7age laser est plus prometteur que jamais. Du per\u00e7age de micro-trous au per\u00e7age de micro-trous par laser femtoseconde, la recherche de structures plus petites et plus complexes stimule l'innovation et propulse l'industrie vers l'avant. Gr\u00e2ce \u00e0 son expertise et \u00e0 son engagement en faveur de l'excellence, Welle est pr\u00eat \u00e0 mener la charge en fa\u00e7onnant l'avenir du micro-per\u00e7age au laser de fibres optiques.<\/p>\n<p>Rejoignez-nous sur le chemin de la perfection de la pr\u00e9cision. Ensemble, lib\u00e9rons tout le potentiel du micro-per\u00e7age laser \u00e0 fibres optiques et ouvrons la voie \u00e0 un avenir plac\u00e9 sous le signe de l'innovation et de l'excellence.<\/p>\n<div class=\"video video-fit mb\" style=\"padding-top:56.25%;\"><p><iframe loading=\"lazy\" title=\"Le micro-usinage par laser permet d&#039;obtenir des pi\u00e8ces de petite taille et de haute pr\u00e9cision\" width=\"1020\" height=\"765\" src=\"https:\/\/www.youtube.com\/embed\/kg4UFb2O2AM?list=PL1tsj5fWvaVd8npSMrMeyykZKNpInru9j\" frameborder=\"0\" allow=\"accelerometer; autoplay; clipboard-write; encrypted-media; gyroscope; picture-in-picture; web-share\" referrerpolicy=\"strict-origin-when-cross-origin\" allowfullscreen><\/iframe><\/p>\n<\/div>","protected":false},"excerpt":{"rendered":"<p>Optical fibers laser drilling services:An Overview What is the Optical Fibers Laser Drilling Micro holes? Optical Fibers Laser Drilling Micro holes is a specialized technique that involves the precise drilling of micro-sized holes in optical fiber materials using advanced laser technology. It enables the creation of intricate structures and features essential for a wide range [&#8230;]\n","protected":false},"featured_media":1617,"comment_status":"open","ping_status":"closed","template":"","meta":[],"product_brand":[],"product_cat":[41],"class_list":{"0":"post-2118","1":"product","2":"type-product","3":"status-publish","4":"has-post-thumbnail","6":"product_cat-micromachining-and-laser-micromachining-factory-in-china","8":"first","9":"instock","10":"shipping-taxable","11":"product-type-simple"},"yoast_head":"<!-- This site is optimized with the Yoast SEO plugin v27.2 - https:\/\/yoast.com\/product\/yoast-seo-wordpress\/ -->\n<title>Optical Fiber Micro Drilling - WELLE SHAFT<\/title>\n<meta name=\"description\" content=\"Optical fibers laser drilling services. We use a femtosecond laser, which shows many advantages over conventional laser processing, enabling precise process\" \/>\n<meta name=\"robots\" content=\"index, follow, max-snippet:-1, max-image-preview:large, max-video-preview:-1\" \/>\n<link rel=\"canonical\" href=\"https:\/\/welleshaft.com\/fr_be\/fabricant\/micro-usinage-par-laser-femtoseconde\/\" \/>\n<meta property=\"og:locale\" content=\"fr_FR\" \/>\n<meta property=\"og:type\" content=\"article\" \/>\n<meta property=\"og:title\" content=\"Optical Fiber Micro Drilling - WELLE SHAFT\" \/>\n<meta property=\"og:description\" content=\"Optical fibers laser drilling services. We use a femtosecond laser, which shows many advantages over conventional laser processing, enabling precise process\" \/>\n<meta property=\"og:url\" content=\"https:\/\/welleshaft.com\/fr_be\/fabricant\/micro-usinage-par-laser-femtoseconde\/\" \/>\n<meta property=\"og:site_name\" content=\"WELLE SHAFT\" \/>\n<meta property=\"article:modified_time\" content=\"2026-04-08T13:15:03+00:00\" \/>\n<meta property=\"og:image\" content=\"https:\/\/welleshaft.com\/wp-content\/uploads\/2024\/02\/Optical-Fiber-Laser-Cutting-Welle.webp\" \/>\n\t<meta property=\"og:image:width\" content=\"720\" \/>\n\t<meta property=\"og:image:height\" content=\"825\" \/>\n\t<meta property=\"og:image:type\" content=\"image\/webp\" \/>\n<meta name=\"twitter:card\" content=\"summary_large_image\" \/>\n<meta name=\"twitter:label1\" content=\"Dur\u00e9e de lecture est.\" \/>\n\t<meta name=\"twitter:data1\" content=\"2 minutes\" \/>\n<script type=\"application\/ld+json\" class=\"yoast-schema-graph\">{\"@context\":\"https:\/\/schema.org\",\"@graph\":[{\"@type\":\"WebPage\",\"@id\":\"https:\/\/welleshaft.com\/vi\/manufacturer\/femtosecond-laser-micromachining\/\",\"url\":\"https:\/\/welleshaft.com\/vi\/manufacturer\/femtosecond-laser-micromachining\/\",\"name\":\"Optical Fiber Micro Drilling - WELLE SHAFT\",\"isPartOf\":{\"@id\":\"https:\/\/welleshaft.com\/ja\/#website\"},\"primaryImageOfPage\":{\"@id\":\"https:\/\/welleshaft.com\/vi\/manufacturer\/femtosecond-laser-micromachining\/#primaryimage\"},\"image\":{\"@id\":\"https:\/\/welleshaft.com\/vi\/manufacturer\/femtosecond-laser-micromachining\/#primaryimage\"},\"thumbnailUrl\":\"https:\/\/welleshaft.com\/wp-content\/uploads\/2024\/02\/Optical-Fiber-Laser-Cutting-Welle.webp\",\"datePublished\":\"2024-03-20T05:11:08+00:00\",\"dateModified\":\"2026-04-08T13:15:03+00:00\",\"description\":\"Optical fibers laser drilling services. We use a femtosecond laser, which shows many advantages over conventional laser processing, enabling precise process\",\"breadcrumb\":{\"@id\":\"https:\/\/welleshaft.com\/vi\/manufacturer\/femtosecond-laser-micromachining\/#breadcrumb\"},\"inLanguage\":\"fr-BE\",\"potentialAction\":[{\"@type\":\"ReadAction\",\"target\":[\"https:\/\/welleshaft.com\/vi\/manufacturer\/femtosecond-laser-micromachining\/\"]}]},{\"@type\":\"ImageObject\",\"inLanguage\":\"fr-BE\",\"@id\":\"https:\/\/welleshaft.com\/vi\/manufacturer\/femtosecond-laser-micromachining\/#primaryimage\",\"url\":\"https:\/\/welleshaft.com\/wp-content\/uploads\/2024\/02\/Optical-Fiber-Laser-Cutting-Welle.webp\",\"contentUrl\":\"https:\/\/welleshaft.com\/wp-content\/uploads\/2024\/02\/Optical-Fiber-Laser-Cutting-Welle.webp\",\"width\":720,\"height\":825,\"caption\":\"Optical-Fiber-Laser-Cutting-Welle\"},{\"@type\":\"BreadcrumbList\",\"@id\":\"https:\/\/welleshaft.com\/vi\/manufacturer\/femtosecond-laser-micromachining\/#breadcrumb\",\"itemListElement\":[{\"@type\":\"ListItem\",\"position\":1,\"name\":\"Home\",\"item\":\"https:\/\/welleshaft.com\/\"},{\"@type\":\"ListItem\",\"position\":2,\"name\":\"Manufacturing\",\"item\":\"https:\/\/welleshaft.com\/en\/manufacturing\/\"},{\"@type\":\"ListItem\",\"position\":3,\"name\":\"Optical Fiber Micro Drilling\"}]},{\"@type\":\"WebSite\",\"@id\":\"https:\/\/welleshaft.com\/ja\/#website\",\"url\":\"https:\/\/welleshaft.com\/ja\/\",\"name\":\"WELLE SHAFT\",\"description\":\"\",\"potentialAction\":[{\"@type\":\"SearchAction\",\"target\":{\"@type\":\"EntryPoint\",\"urlTemplate\":\"https:\/\/welleshaft.com\/ja\/?s={search_term_string}\"},\"query-input\":{\"@type\":\"PropertyValueSpecification\",\"valueRequired\":true,\"valueName\":\"search_term_string\"}}],\"inLanguage\":\"fr-BE\"}]}<\/script>\n<!-- \/ Yoast SEO plugin. -->","yoast_head_json":{"title":"Micro-per\u00e7age par fibre optique - WELLE SHAFT","description":"Services de per\u00e7age au laser de fibres optiques. Nous utilisons un laser femtoseconde, qui pr\u00e9sente de nombreux avantages par rapport au traitement laser conventionnel, permettant un traitement pr\u00e9cis.","robots":{"index":"index","follow":"follow","max-snippet":"max-snippet:-1","max-image-preview":"max-image-preview:large","max-video-preview":"max-video-preview:-1"},"canonical":"https:\/\/welleshaft.com\/fr_be\/fabricant\/micro-usinage-par-laser-femtoseconde\/","og_locale":"fr_FR","og_type":"article","og_title":"Optical Fiber Micro Drilling - WELLE SHAFT","og_description":"Optical fibers laser drilling services. We use a femtosecond laser, which shows many advantages over conventional laser processing, enabling precise process","og_url":"https:\/\/welleshaft.com\/fr_be\/fabricant\/micro-usinage-par-laser-femtoseconde\/","og_site_name":"WELLE SHAFT","article_modified_time":"2026-04-08T13:15:03+00:00","og_image":[{"width":720,"height":825,"url":"https:\/\/welleshaft.com\/wp-content\/uploads\/2024\/02\/Optical-Fiber-Laser-Cutting-Welle.webp","type":"image\/webp"}],"twitter_card":"summary_large_image","twitter_misc":{"Dur\u00e9e de lecture est.":"2 minutes"},"schema":{"@context":"https:\/\/schema.org","@graph":[{"@type":"WebPage","@id":"https:\/\/welleshaft.com\/vi\/manufacturer\/femtosecond-laser-micromachining\/","url":"https:\/\/welleshaft.com\/vi\/manufacturer\/femtosecond-laser-micromachining\/","name":"Micro-per\u00e7age par fibre optique - WELLE SHAFT","isPartOf":{"@id":"https:\/\/welleshaft.com\/ja\/#website"},"primaryImageOfPage":{"@id":"https:\/\/welleshaft.com\/vi\/manufacturer\/femtosecond-laser-micromachining\/#primaryimage"},"image":{"@id":"https:\/\/welleshaft.com\/vi\/manufacturer\/femtosecond-laser-micromachining\/#primaryimage"},"thumbnailUrl":"https:\/\/welleshaft.com\/wp-content\/uploads\/2024\/02\/Optical-Fiber-Laser-Cutting-Welle.webp","datePublished":"2024-03-20T05:11:08+00:00","dateModified":"2026-04-08T13:15:03+00:00","description":"Services de per\u00e7age au laser de fibres optiques. Nous utilisons un laser femtoseconde, qui pr\u00e9sente de nombreux avantages par rapport au traitement laser conventionnel, permettant un traitement pr\u00e9cis.","breadcrumb":{"@id":"https:\/\/welleshaft.com\/vi\/manufacturer\/femtosecond-laser-micromachining\/#breadcrumb"},"inLanguage":"fr-BE","potentialAction":[{"@type":"ReadAction","target":["https:\/\/welleshaft.com\/vi\/manufacturer\/femtosecond-laser-micromachining\/"]}]},{"@type":"ImageObject","inLanguage":"fr-BE","@id":"https:\/\/welleshaft.com\/vi\/manufacturer\/femtosecond-laser-micromachining\/#primaryimage","url":"https:\/\/welleshaft.com\/wp-content\/uploads\/2024\/02\/Optical-Fiber-Laser-Cutting-Welle.webp","contentUrl":"https:\/\/welleshaft.com\/wp-content\/uploads\/2024\/02\/Optical-Fiber-Laser-Cutting-Welle.webp","width":720,"height":825,"caption":"Optical-Fiber-Laser-Cutting-Welle"},{"@type":"BreadcrumbList","@id":"https:\/\/welleshaft.com\/vi\/manufacturer\/femtosecond-laser-micromachining\/#breadcrumb","itemListElement":[{"@type":"ListItem","position":1,"name":"Home","item":"https:\/\/welleshaft.com\/"},{"@type":"ListItem","position":2,"name":"Manufacturing","item":"https:\/\/welleshaft.com\/en\/manufacturing\/"},{"@type":"ListItem","position":3,"name":"Optical Fiber Micro Drilling"}]},{"@type":"WebSite","@id":"https:\/\/welleshaft.com\/ja\/#website","url":"https:\/\/welleshaft.com\/ja\/","name":"ARBRE \u00c0 ROTULE","description":"","potentialAction":[{"@type":"SearchAction","target":{"@type":"EntryPoint","urlTemplate":"https:\/\/welleshaft.com\/ja\/?s={search_term_string}"},"query-input":{"@type":"PropertyValueSpecification","valueRequired":true,"valueName":"search_term_string"}}],"inLanguage":"fr-BE"}]}},"_links":{"self":[{"href":"https:\/\/welleshaft.com\/fr_be\/wp-json\/wp\/v2\/product\/2118","targetHints":{"allow":["GET"]}}],"collection":[{"href":"https:\/\/welleshaft.com\/fr_be\/wp-json\/wp\/v2\/product"}],"about":[{"href":"https:\/\/welleshaft.com\/fr_be\/wp-json\/wp\/v2\/types\/product"}],"replies":[{"embeddable":true,"href":"https:\/\/welleshaft.com\/fr_be\/wp-json\/wp\/v2\/comments?post=2118"}],"wp:featuredmedia":[{"embeddable":true,"href":"https:\/\/welleshaft.com\/fr_be\/wp-json\/wp\/v2\/media\/1617"}],"wp:attachment":[{"href":"https:\/\/welleshaft.com\/fr_be\/wp-json\/wp\/v2\/media?parent=2118"}],"wp:term":[{"taxonomy":"product_brand","embeddable":true,"href":"https:\/\/welleshaft.com\/fr_be\/wp-json\/wp\/v2\/product_brand?post=2118"},{"taxonomy":"product_cat","embeddable":true,"href":"https:\/\/welleshaft.com\/fr_be\/wp-json\/wp\/v2\/product_cat?post=2118"}],"curies":[{"name":"wp","href":"https:\/\/api.w.org\/{rel}","templated":true}]}}