{"id":1827,"date":"2024-03-06T05:04:07","date_gmt":"2024-03-06T05:04:07","guid":{"rendered":"https:\/\/welleshaft.com\/?post_type=product&#038;p=1827"},"modified":"2026-04-08T13:12:55","modified_gmt":"2026-04-08T13:12:55","slug":"fabricacion-de-engranajes-hipoides-welleshaft","status":"publish","type":"product","link":"https:\/\/welleshaft.com\/es\/fabricante\/fabricacion-de-engranajes-hipoides-welleshaft\/","title":{"rendered":"Engranaje hipoide"},"content":{"rendered":"<h2>Engranaje hipoide: visi\u00f3n general<\/h2>\n<h2>\u00bfQu\u00e9 son los engranajes hipoides?<\/h2>\n<div>Los engranajes hipoides son un tipo de engranaje c\u00f3nico espiral en el que los ejes de los dos engranajes no se cruzan. Se utilizan para transmitir potencia entre ejes que forman \u00e1ngulos rectos entre s\u00ed pero que no se cruzan. Este dise\u00f1o \u00fanico ofrece ventajas en t\u00e9rminos de suavidad de funcionamiento y mayor capacidad de par.<\/div>\n<div><\/div>\n<h2>\u00bfQu\u00e9 materiales se utilizan en los engranajes hipoides?<\/h2>\n<div>Los engranajes hipoides se fabrican con distintos materiales para adaptarse a diferentes aplicaciones y requisitos de rendimiento:<\/div>\n<div><strong>Acero aleado:<\/strong> Ofrece gran resistencia y durabilidad, y se utiliza habitualmente en aplicaciones industriales y de automoci\u00f3n.<\/div>\n<div><strong>Acero al carbono:<\/strong> Rentable y proporciona la resistencia adecuada para muchas aplicaciones.<\/div>\n<div><strong>Acero inoxidable:<\/strong> Proporciona resistencia a la corrosi\u00f3n, adecuada para entornos dif\u00edciles.<\/div>\n<div><strong>Hierro fundido:<\/strong> Econ\u00f3micas y duraderas, suelen utilizarse para engranajes grandes.<\/div>\n<div><strong>Lat\u00f3n y bronce<\/strong>: Adecuado para aplicaciones de baja carga y donde la reducci\u00f3n de la fricci\u00f3n es beneficiosa.<\/div>\n<h2>\u00bfC\u00f3mo funcionan los engranajes hipoides?<\/h2>\n<div>Los engranajes hipoides funcionan engranando sus dientes en \u00e1ngulo recto pero con ejes que no se intersecan. Este dise\u00f1o permite una mayor \u00e1rea de contacto entre los dientes, lo que se traduce en un funcionamiento m\u00e1s suave, una mayor capacidad de carga y un rendimiento m\u00e1s silencioso en comparaci\u00f3n con los engranajes c\u00f3nicos est\u00e1ndar.<\/div>\n<div><\/div>\n<h2>\u00bfCu\u00e1les son los tipos de engranajes hipoides?<\/h2>\n<div>Los engranajes hipoides pueden clasificarse en funci\u00f3n de su dise\u00f1o y aplicaci\u00f3n:<\/div>\n<div><strong>Engranajes hipoides est\u00e1ndar:<\/strong> Se utiliza en la mayor\u00eda de las aplicaciones que requieren una transmisi\u00f3n de potencia en \u00e1ngulo recto con un par elevado.<\/div>\n<div><strong>Engranaje hipoide de alto rendimiento<\/strong>s: Dise\u00f1ado para aplicaciones que necesitan mayor eficiencia y menor ruido, como los veh\u00edculos de alto rendimiento.<\/div>\n<h3>Comparaci\u00f3n de los engranajes hipoides con <a href=\"https:\/\/welleshaft.com\/manufacturer\/metal-worm-gear-and-worm-wheel-manufacturer\/\">Tornillos sin fin<\/a>?<\/h3>\n<div><strong>Transmisi\u00f3n de par:<\/strong> Los engranajes hipoides pueden transmitir pares m\u00e1s elevados que los engranajes helicoidales.<\/div>\n<div><strong>Eficiencia:<\/strong> Los engranajes hipoides suelen ser m\u00e1s eficaces que los engranajes helicoidales, que tienen mayores p\u00e9rdidas por fricci\u00f3n.<\/div>\n<div><strong>Ruido y vibraciones:<\/strong> Los engranajes hipoides funcionan de forma m\u00e1s silenciosa y suave que los engranajes helicoidales debido a su engrane gradual de los dientes.<\/div>\n<div><strong>Complejidad del dise\u00f1o:<\/strong> Los engranajes hipoides son m\u00e1s complejos y caros de fabricar que los de tornillo sin fin.<\/div>\n<h3>\u00bfCu\u00e1les son las ventajas de las ruedas c\u00f3nicas est\u00e1ndar frente a las hipoidales?<\/h3>\n<div><strong>Simplicidad<\/strong>: Los engranajes c\u00f3nicos tienen un dise\u00f1o m\u00e1s sencillo y son m\u00e1s f\u00e1ciles de fabricar.<\/div>\n<div><strong>Coste:<\/strong> Los engranajes c\u00f3nicos suelen ser menos costosos debido a la simplificaci\u00f3n de los procesos de producci\u00f3n.<\/div>\n<p><strong>Eficiencia:<\/strong> En aplicaciones con menos necesidad de par, los engranajes c\u00f3nicos pueden ser m\u00e1s eficaces.<\/p>\n<h3>Ventajas de las ruedas dentadas hipoides frente a las est\u00e1ndar <a href=\"https:\/\/welleshaft.com\/manufacturer\/bevel-gears-manufacturer-in-china\/\">Engranajes c\u00f3nicos<\/a>?<\/h3>\n<div><strong>Mayor capacidad de par:<\/strong> Los engranajes hipoides pueden soportar cargas de par m\u00e1s elevadas gracias a su mayor superficie de contacto.<\/div>\n<div><strong>Funcionamiento m\u00e1s silencioso:<\/strong> El suave engranaje de los dientes de los engranajes hipoides proporciona un rendimiento m\u00e1s silencioso.<\/div>\n<div><strong>Dise\u00f1o compacto:<\/strong> Los engranajes hipoides permiten dise\u00f1os m\u00e1s compactos, especialmente en diferenciales de automoci\u00f3n.<\/div>\n<h3>\u00bfQu\u00e9 aplicaciones tienen los engranajes hipoides?<\/h3>\n<div>Los engranajes hipoides se utilizan ampliamente en aplicaciones que requieren un par elevado y un funcionamiento suave:<\/div>\n<div><\/div>\n<div><strong>Diferenciales de automoci\u00f3n:<\/strong> Proporciona una transmisi\u00f3n eficaz de la potencia en los ejes de los veh\u00edculos.<\/div>\n<div><strong>Maquinaria industrial:<\/strong> Se utiliza en cintas transportadoras, mezcladoras y otra maquinaria pesada.<\/div>\n<div><strong>Aeroespacial:<\/strong> Adecuado para actuadores y sistemas de control que requieren alta precisi\u00f3n y fiabilidad.<\/div>\n<div><strong>Marina:<\/strong> Se utiliza en sistemas de propulsi\u00f3n y maquinaria de cubierta.<\/div>\n<h3>\u00bfPor qu\u00e9 elegir Welleshaft para sus necesidades de engranajes hipoides?<\/h3>\n<div>Elegir Welleshaft para sus necesidades de engranajes hipoides ofrece varias ventajas:<\/div>\n<div><strong>Experiencia:<\/strong> D\u00e9cadas de experiencia en la fabricaci\u00f3n de engranajes, que garantizan productos de alta calidad.<\/div>\n<div><strong>Tecnolog\u00eda avanzada:<\/strong> Utilizaci\u00f3n de t\u00e9cnicas y equipos de fabricaci\u00f3n de vanguardia.<\/div>\n<div><strong>Personalizaci\u00f3n:<\/strong> Capacidad para crear soluciones a medida adaptadas a sus necesidades espec\u00edficas.<\/div>\n<div><strong>Garant\u00eda de calidad<\/strong>: Compromiso con estrictas normas de calidad para unos engranajes fiables y duraderos.<\/div>\n<div><strong>Atenci\u00f3n al cliente<\/strong>: Servicio y asistencia dedicados a lo largo de todo el proceso, desde el dise\u00f1o hasta la entrega.<\/div>\n<div><\/div>\n<div>Si conoce las caracter\u00edsticas, ventajas y aplicaciones de los engranajes hipoides, podr\u00e1 tomar decisiones informadas para sus sistemas mec\u00e1nicos, garantizando un rendimiento y una fiabilidad \u00f3ptimos. Elegir Welleshaft le garantiza el acceso a engranajes hipoides de alta calidad, hechos a medida y respaldados por d\u00e9cadas de experiencia y tecnolog\u00eda avanzada.<\/div>\n<div class=\"video video-fit mb\" style=\"padding-top:56.25%;\"><p><iframe loading=\"lazy\" title=\"C\u00f3mo se fabrican los engranajes hipoides-Welleshaft\" width=\"1020\" height=\"574\" src=\"https:\/\/www.youtube.com\/embed\/qsLHQf_SE9A?feature=oembed\" frameborder=\"0\" allow=\"accelerometer; autoplay; clipboard-write; encrypted-media; gyroscope; picture-in-picture; web-share\" referrerpolicy=\"strict-origin-when-cross-origin\" allowfullscreen><\/iframe><\/p>\n<\/div>\n<div class=\"video video-fit mb\" style=\"padding-top:56.25%;\"><p><iframe loading=\"lazy\" title=\"Cu\u00e1l es el dise\u00f1o de los engranajes hipoides-Welleshaft\" width=\"1020\" height=\"574\" src=\"https:\/\/www.youtube.com\/embed\/amSr02eVWnY?feature=oembed\" frameborder=\"0\" allow=\"accelerometer; autoplay; clipboard-write; encrypted-media; gyroscope; picture-in-picture; web-share\" referrerpolicy=\"strict-origin-when-cross-origin\" allowfullscreen><\/iframe><\/p>\n<\/div>\n<div class=\"video video-fit mb\" style=\"padding-top:56.25%;\"><p><iframe loading=\"lazy\" title=\"\u00bfCu\u00e1les son los materiales m\u00e1s utilizados para los engranajes hipoides?\" width=\"1020\" height=\"574\" src=\"https:\/\/www.youtube.com\/embed\/LeyHof0St0k?feature=oembed\" frameborder=\"0\" allow=\"accelerometer; autoplay; clipboard-write; encrypted-media; gyroscope; picture-in-picture; web-share\" referrerpolicy=\"strict-origin-when-cross-origin\" allowfullscreen><\/iframe><\/p>\n<\/div>\n<div class=\"video video-fit mb\" style=\"padding-top:56.25%;\"><p><iframe loading=\"lazy\" title=\"C\u00f3mo probar las materias primas de los engranajes hipoides\" width=\"1020\" height=\"574\" src=\"https:\/\/www.youtube.com\/embed\/QFNHlx2-Ra0?feature=oembed\" frameborder=\"0\" allow=\"accelerometer; autoplay; clipboard-write; encrypted-media; gyroscope; picture-in-picture; web-share\" referrerpolicy=\"strict-origin-when-cross-origin\" allowfullscreen><\/iframe><\/p>\n<\/div>\n<div class=\"video video-fit mb\" style=\"padding-top:56.25%;\"><p><iframe loading=\"lazy\" title=\"\u00bfPara qu\u00e9 se utilizan los engranajes hipoides?\" width=\"1020\" height=\"574\" src=\"https:\/\/www.youtube.com\/embed\/Zvyl0zeTIUU?feature=oembed\" frameborder=\"0\" allow=\"accelerometer; autoplay; clipboard-write; encrypted-media; gyroscope; picture-in-picture; web-share\" referrerpolicy=\"strict-origin-when-cross-origin\" allowfullscreen><\/iframe><\/p>\n<\/div>","protected":false},"excerpt":{"rendered":"<p>Hypoid Gear:An overview What Are Hypoid Gears? Hypoid gears are a type of spiral bevel gear where the axes of the two gears do not intersect. They are used to transmit power between shafts that are at right angles to each other but do not intersect. This unique design provides advantages in terms of smooth [&#8230;]\n","protected":false},"featured_media":1828,"comment_status":"open","ping_status":"closed","template":"","meta":[],"product_brand":[],"product_cat":[40],"class_list":{"0":"post-1827","1":"product","2":"type-product","3":"status-publish","4":"has-post-thumbnail","6":"product_cat-custom-gears-and-custom-gear-manufacturing-at-welleshaft","8":"first","9":"instock","10":"shipping-taxable","11":"product-type-simple"},"yoast_head":"<!-- This site is optimized with the Yoast SEO plugin v27.2 - https:\/\/yoast.com\/product\/yoast-seo-wordpress\/ -->\n<title>Hypoid Gear - WELLE SHAFT<\/title>\n<meta name=\"description\" content=\"Hypoid gears are a type of spiral bevel gear with unique characteristics, featuring an offset shaft arrangement. also known as offset spiral bevel gears..\" \/>\n<meta name=\"robots\" content=\"index, follow, max-snippet:-1, max-image-preview:large, max-video-preview:-1\" \/>\n<link rel=\"canonical\" href=\"https:\/\/welleshaft.com\/es\/fabricante\/fabricacion-de-engranajes-hipoides-welleshaft\/\" \/>\n<meta property=\"og:locale\" content=\"es_ES\" \/>\n<meta property=\"og:type\" content=\"article\" \/>\n<meta property=\"og:title\" content=\"Hypoid Gear - WELLE SHAFT\" \/>\n<meta property=\"og:description\" content=\"Hypoid gears are a type of spiral bevel gear with unique characteristics, featuring an offset shaft arrangement. also known as offset spiral bevel gears..\" \/>\n<meta property=\"og:url\" content=\"https:\/\/welleshaft.com\/es\/fabricante\/fabricacion-de-engranajes-hipoides-welleshaft\/\" \/>\n<meta property=\"og:site_name\" content=\"WELLE SHAFT\" \/>\n<meta property=\"article:modified_time\" content=\"2026-04-08T13:12:55+00:00\" \/>\n<meta property=\"og:image\" content=\"https:\/\/welleshaft.com\/wp-content\/uploads\/2024\/03\/Welle-8060-hypoid-gear-for-differential-application.webp\" \/>\n\t<meta property=\"og:image:width\" content=\"800\" \/>\n\t<meta property=\"og:image:height\" content=\"600\" \/>\n\t<meta property=\"og:image:type\" content=\"image\/webp\" \/>\n<meta name=\"twitter:card\" content=\"summary_large_image\" \/>\n<meta name=\"twitter:label1\" content=\"Tiempo de lectura\" \/>\n\t<meta name=\"twitter:data1\" content=\"3 minutos\" \/>\n<script type=\"application\/ld+json\" class=\"yoast-schema-graph\">{\"@context\":\"https:\/\/schema.org\",\"@graph\":[{\"@type\":\"WebPage\",\"@id\":\"https:\/\/welleshaft.com\/en_gb\/manufacturer\/hypoid-gear-manufacturering-welleshaft\/\",\"url\":\"https:\/\/welleshaft.com\/en_gb\/manufacturer\/hypoid-gear-manufacturering-welleshaft\/\",\"name\":\"Hypoid Gear - WELLE SHAFT\",\"isPartOf\":{\"@id\":\"https:\/\/welleshaft.com\/ja\/#website\"},\"primaryImageOfPage\":{\"@id\":\"https:\/\/welleshaft.com\/en_gb\/manufacturer\/hypoid-gear-manufacturering-welleshaft\/#primaryimage\"},\"image\":{\"@id\":\"https:\/\/welleshaft.com\/en_gb\/manufacturer\/hypoid-gear-manufacturering-welleshaft\/#primaryimage\"},\"thumbnailUrl\":\"https:\/\/welleshaft.com\/wp-content\/uploads\/2024\/03\/Welle-8060-hypoid-gear-for-differential-application.webp\",\"datePublished\":\"2024-03-06T05:04:07+00:00\",\"dateModified\":\"2026-04-08T13:12:55+00:00\",\"description\":\"Hypoid gears are a type of spiral bevel gear with unique characteristics, featuring an offset shaft arrangement. also known as offset spiral bevel gears..\",\"breadcrumb\":{\"@id\":\"https:\/\/welleshaft.com\/en_gb\/manufacturer\/hypoid-gear-manufacturering-welleshaft\/#breadcrumb\"},\"inLanguage\":\"es\",\"potentialAction\":[{\"@type\":\"ReadAction\",\"target\":[\"https:\/\/welleshaft.com\/en_gb\/manufacturer\/hypoid-gear-manufacturering-welleshaft\/\"]}]},{\"@type\":\"ImageObject\",\"inLanguage\":\"es\",\"@id\":\"https:\/\/welleshaft.com\/en_gb\/manufacturer\/hypoid-gear-manufacturering-welleshaft\/#primaryimage\",\"url\":\"https:\/\/welleshaft.com\/wp-content\/uploads\/2024\/03\/Welle-8060-hypoid-gear-for-differential-application.webp\",\"contentUrl\":\"https:\/\/welleshaft.com\/wp-content\/uploads\/2024\/03\/Welle-8060-hypoid-gear-for-differential-application.webp\",\"width\":800,\"height\":600,\"caption\":\"Welle-8060-hypoid-gear-for-differential-application\"},{\"@type\":\"BreadcrumbList\",\"@id\":\"https:\/\/welleshaft.com\/en_gb\/manufacturer\/hypoid-gear-manufacturering-welleshaft\/#breadcrumb\",\"itemListElement\":[{\"@type\":\"ListItem\",\"position\":1,\"name\":\"Home\",\"item\":\"https:\/\/welleshaft.com\/\"},{\"@type\":\"ListItem\",\"position\":2,\"name\":\"Manufacturing\",\"item\":\"https:\/\/welleshaft.com\/en\/manufacturing\/\"},{\"@type\":\"ListItem\",\"position\":3,\"name\":\"Hypoid Gear\"}]},{\"@type\":\"WebSite\",\"@id\":\"https:\/\/welleshaft.com\/ja\/#website\",\"url\":\"https:\/\/welleshaft.com\/ja\/\",\"name\":\"WELLE SHAFT\",\"description\":\"\",\"potentialAction\":[{\"@type\":\"SearchAction\",\"target\":{\"@type\":\"EntryPoint\",\"urlTemplate\":\"https:\/\/welleshaft.com\/ja\/?s={search_term_string}\"},\"query-input\":{\"@type\":\"PropertyValueSpecification\",\"valueRequired\":true,\"valueName\":\"search_term_string\"}}],\"inLanguage\":\"es\"}]}<\/script>\n<!-- \/ Yoast SEO plugin. -->","yoast_head_json":{"title":"Engranaje hipoide - EJE WELLE","description":"Los engranajes hipoides son un tipo de engranaje c\u00f3nico espiral con caracter\u00edsticas \u00fanicas, que presenta una disposici\u00f3n de eje desplazado. tambi\u00e9n conocidos como engranajes c\u00f3nicos espirales desplazados...","robots":{"index":"index","follow":"follow","max-snippet":"max-snippet:-1","max-image-preview":"max-image-preview:large","max-video-preview":"max-video-preview:-1"},"canonical":"https:\/\/welleshaft.com\/es\/fabricante\/fabricacion-de-engranajes-hipoides-welleshaft\/","og_locale":"es_ES","og_type":"article","og_title":"Hypoid Gear - WELLE SHAFT","og_description":"Hypoid gears are a type of spiral bevel gear with unique characteristics, featuring an offset shaft arrangement. also known as offset spiral bevel gears..","og_url":"https:\/\/welleshaft.com\/es\/fabricante\/fabricacion-de-engranajes-hipoides-welleshaft\/","og_site_name":"WELLE SHAFT","article_modified_time":"2026-04-08T13:12:55+00:00","og_image":[{"width":800,"height":600,"url":"https:\/\/welleshaft.com\/wp-content\/uploads\/2024\/03\/Welle-8060-hypoid-gear-for-differential-application.webp","type":"image\/webp"}],"twitter_card":"summary_large_image","twitter_misc":{"Tiempo de lectura":"3 minutos"},"schema":{"@context":"https:\/\/schema.org","@graph":[{"@type":"WebPage","@id":"https:\/\/welleshaft.com\/en_gb\/manufacturer\/hypoid-gear-manufacturering-welleshaft\/","url":"https:\/\/welleshaft.com\/en_gb\/manufacturer\/hypoid-gear-manufacturering-welleshaft\/","name":"Engranaje hipoide - EJE WELLE","isPartOf":{"@id":"https:\/\/welleshaft.com\/ja\/#website"},"primaryImageOfPage":{"@id":"https:\/\/welleshaft.com\/en_gb\/manufacturer\/hypoid-gear-manufacturering-welleshaft\/#primaryimage"},"image":{"@id":"https:\/\/welleshaft.com\/en_gb\/manufacturer\/hypoid-gear-manufacturering-welleshaft\/#primaryimage"},"thumbnailUrl":"https:\/\/welleshaft.com\/wp-content\/uploads\/2024\/03\/Welle-8060-hypoid-gear-for-differential-application.webp","datePublished":"2024-03-06T05:04:07+00:00","dateModified":"2026-04-08T13:12:55+00:00","description":"Los engranajes hipoides son un tipo de engranaje c\u00f3nico espiral con caracter\u00edsticas \u00fanicas, que presenta una disposici\u00f3n de eje desplazado. tambi\u00e9n conocidos como engranajes c\u00f3nicos espirales desplazados...","breadcrumb":{"@id":"https:\/\/welleshaft.com\/en_gb\/manufacturer\/hypoid-gear-manufacturering-welleshaft\/#breadcrumb"},"inLanguage":"es","potentialAction":[{"@type":"ReadAction","target":["https:\/\/welleshaft.com\/en_gb\/manufacturer\/hypoid-gear-manufacturering-welleshaft\/"]}]},{"@type":"ImageObject","inLanguage":"es","@id":"https:\/\/welleshaft.com\/en_gb\/manufacturer\/hypoid-gear-manufacturering-welleshaft\/#primaryimage","url":"https:\/\/welleshaft.com\/wp-content\/uploads\/2024\/03\/Welle-8060-hypoid-gear-for-differential-application.webp","contentUrl":"https:\/\/welleshaft.com\/wp-content\/uploads\/2024\/03\/Welle-8060-hypoid-gear-for-differential-application.webp","width":800,"height":600,"caption":"Welle-8060-hypoid-gear-for-differential-application"},{"@type":"BreadcrumbList","@id":"https:\/\/welleshaft.com\/en_gb\/manufacturer\/hypoid-gear-manufacturering-welleshaft\/#breadcrumb","itemListElement":[{"@type":"ListItem","position":1,"name":"Home","item":"https:\/\/welleshaft.com\/"},{"@type":"ListItem","position":2,"name":"Manufacturing","item":"https:\/\/welleshaft.com\/en\/manufacturing\/"},{"@type":"ListItem","position":3,"name":"Hypoid Gear"}]},{"@type":"WebSite","@id":"https:\/\/welleshaft.com\/ja\/#website","url":"https:\/\/welleshaft.com\/ja\/","name":"EJE WELLE","description":"","potentialAction":[{"@type":"SearchAction","target":{"@type":"EntryPoint","urlTemplate":"https:\/\/welleshaft.com\/ja\/?s={search_term_string}"},"query-input":{"@type":"PropertyValueSpecification","valueRequired":true,"valueName":"search_term_string"}}],"inLanguage":"es"}]}},"_links":{"self":[{"href":"https:\/\/welleshaft.com\/es\/wp-json\/wp\/v2\/product\/1827","targetHints":{"allow":["GET"]}}],"collection":[{"href":"https:\/\/welleshaft.com\/es\/wp-json\/wp\/v2\/product"}],"about":[{"href":"https:\/\/welleshaft.com\/es\/wp-json\/wp\/v2\/types\/product"}],"replies":[{"embeddable":true,"href":"https:\/\/welleshaft.com\/es\/wp-json\/wp\/v2\/comments?post=1827"}],"wp:featuredmedia":[{"embeddable":true,"href":"https:\/\/welleshaft.com\/es\/wp-json\/wp\/v2\/media\/1828"}],"wp:attachment":[{"href":"https:\/\/welleshaft.com\/es\/wp-json\/wp\/v2\/media?parent=1827"}],"wp:term":[{"taxonomy":"product_brand","embeddable":true,"href":"https:\/\/welleshaft.com\/es\/wp-json\/wp\/v2\/product_brand?post=1827"},{"taxonomy":"product_cat","embeddable":true,"href":"https:\/\/welleshaft.com\/es\/wp-json\/wp\/v2\/product_cat?post=1827"}],"curies":[{"name":"wp","href":"https:\/\/api.w.org\/{rel}","templated":true}]}}